{"id":1000,"date":"2015-04-02T20:17:40","date_gmt":"2015-04-02T17:17:40","guid":{"rendered":"http:\/\/zaluziliepaja.lv\/%d0%bc%d0%b0%d1%80%d0%ba%d0%b8%d0%b7%d1%8b\/"},"modified":"2019-02-22T13:27:07","modified_gmt":"2019-02-22T10:27:07","slug":"markizes","status":"publish","type":"page","link":"https:\/\/zaluziliepaja.lv\/ru\/markizes\/","title":{"rendered":"\u041c\u0430\u0440\u043a\u0438\u0437\u044b"},"content":{"rendered":"<p>[et_pb_section fb_built=&#8221;1&#8243; fullwidth=&#8221;on&#8221; _builder_version=&#8221;3.0.47&#8243;][et_pb_fullwidth_slider _builder_version=&#8221;3.5&#8243; auto=&#8221;on&#8221; auto_speed=&#8221;5000&#8243;][et_pb_slide use_bg_overlay=&#8221;off&#8221; use_text_overlay=&#8221;off&#8221; _builder_version=&#8221;3.5&#8243; background_image=&#8221;https:\/\/zaluziliepaja.lv\/wp-content\/uploads\/2018\/06\/1378383296_12.jpg&#8221; parallax=&#8221;on&#8221; button_on_hover=&#8221;on&#8221;][\/et_pb_slide][et_pb_slide use_bg_overlay=&#8221;off&#8221; use_text_overlay=&#8221;off&#8221; _builder_version=&#8221;3.5&#8243; background_image=&#8221;https:\/\/zaluziliepaja.lv\/wp-content\/uploads\/2018\/06\/P1010016.jpg&#8221; button_on_hover=&#8221;on&#8221;][\/et_pb_slide][\/et_pb_fullwidth_slider][\/et_pb_section][et_pb_section fb_built=&#8221;1&#8243; _builder_version=&#8221;3.0.47&#8243;][et_pb_row _builder_version=&#8221;3.0.47&#8243; background_size=&#8221;initial&#8221; background_position=&#8221;top_left&#8221; background_repeat=&#8221;repeat&#8221;][et_pb_column type=&#8221;4_4&#8243; _builder_version=&#8221;3.0.47&#8243; parallax=&#8221;off&#8221; parallax_method=&#8221;on&#8221;][et_pb_post_title meta=&#8221;off&#8221; featured_image=&#8221;off&#8221; _builder_version=&#8221;3.5&#8243;][\/et_pb_post_title][et_pb_text _builder_version=&#8221;3.5&#8243;]<\/p>\n<p style=\"text-align: justify;\">\u041c\u0430\u0440\u043a\u0438\u0437\u044b \u043f\u0440\u0435\u0434\u043d\u0430\u0437\u043d\u0430\u0447\u0435\u043d\u044b \u0434\u043b\u044f \u0437\u0430\u0442\u0435\u043d\u0435\u043d\u0438\u044f \u0438 \u0437\u0430\u0449\u0438\u0442\u044b \u043e\u0442 \u0441\u043e\u043b\u043d\u0435\u0447\u043d\u044b\u0445 \u043b\u0443\u0447\u0435\u0439 \u0432\u0438\u0442\u0440\u0438\u043d\u043d\u044b\u0445 \u043e\u043a\u043e\u043d, \u0431\u0430\u043b\u043a\u043e\u043d\u043e\u0432, \u0442\u0435\u0440\u0440\u0430\u0441 \u0438 \u0432\u0435\u0440\u0430\u043d\u0434. \u041c\u0430\u0440\u043a\u0438\u0437\u044b \u043d\u0430\u0434\u0435\u0436\u043d\u043e \u0437\u0430\u0449\u0438\u0449\u0430\u044e\u0442 \u043f\u043e\u043c\u0435\u0449\u0435\u043d\u0438\u044f \u043e\u0442 \u043f\u0440\u044f\u043c\u044b\u0445 \u0441\u043e\u043b\u043d\u0435\u0447\u043d\u044b\u0445 \u043b\u0443\u0447\u0435\u0439. \u041e\u0441\u043d\u043e\u0432\u043d\u0430\u044f \u0444\u0443\u043d\u043a\u0446\u0438\u044f \u043c\u0430\u0440\u043a\u0438\u0437\u044b \u2013 \u0441\u043e\u0437\u0434\u0430\u0442\u044c \u0442\u0435\u043d\u044c \u0438 \u043d\u0435\u043e\u0431\u0445\u043e\u0434\u0438\u043c\u044b\u0439 \u043d\u0430\u0432\u0435\u0441, \u043f\u043b\u043e\u0449\u0430\u0434\u044c \u043a\u043e\u0442\u043e\u0440\u043e\u0433\u043e \u043c\u043e\u0436\u043d\u043e \u0440\u0435\u0433\u0443\u043b\u0438\u0440\u043e\u0432\u0430\u0442\u044c. \u0422\u0435\u0440\u0440\u0430\u0441\u043d\u044b\u0435 \u043c\u0430\u0440\u043a\u0438\u0437\u044b \u0441\u043e \u0441\u043a\u043b\u0430\u0434\u043d\u044b\u043c \u043a\u043e\u043b\u0435\u043d\u043e\u043c \u043d\u0435 \u0442\u043e\u043b\u044c\u043a\u043e \u0441\u043e\u0437\u0434\u0430\u0434\u0443\u0442 \u0436\u0435\u043b\u0430\u0435\u043c\u0443\u044e \u0442\u0435\u043d\u044c, \u043d\u043e \u0438 \u0437\u0430\u0449\u0438\u0442\u044f\u0442 \u043e\u0442 \u043d\u0435\u0431\u043e\u043b\u044c\u0448\u043e\u0433\u043e \u0434\u043e\u0436\u0434\u044f.<\/p>\n<div style=\"float: left; width: 55%;\">\n<h3 style=\"text-align: justify;\"><\/h3>\n<h3 style=\"text-align: justify;\"><\/h3>\n<h3 style=\"text-align: justify;\"><\/h3>\n<h3 style=\"text-align: justify;\">\u041f\u0440\u0435\u0438\u043c\u0443\u0449\u0435\u0441\u0442\u0432\u0430<\/h3>\n<p style=\"text-align: justify;\">\u0412\u044b\u0434\u0432\u0438\u0436\u043d\u044b\u0435 \u043c\u0430\u0440\u043a\u0438\u0437\u044b \u0446\u0435\u043d\u044f\u0442\u0441\u044f \u0437\u0430 \u0438\u0445 \u0444\u0443\u043d\u043a\u0446\u0438\u043e\u043d\u0430\u043b\u044c\u043d\u043e\u0441\u0442\u044c \u0438 \u043f\u0440\u0430\u043a\u0442\u0438\u0447\u043d\u043e\u0441\u0442\u044c. \u0412 \u0441\u0432\u0451\u0440\u043d\u0443\u0442\u043e\u043c \u0432\u0438\u0434\u0435, \u044d\u0442\u0438 \u044d\u043b\u0435\u0433\u0430\u043d\u0442\u043d\u044b\u0435 \u043d\u0430\u0432\u0435\u0441\u044b, \u043f\u043e\u0447\u0442\u0438 \u043d\u0435\u0437\u0430\u043c\u0435\u0442\u043d\u044b \u043d\u0430 \u0444\u0430\u0441\u0430\u0434\u0435 \u0437\u0434\u0430\u043d\u0438\u044f. \u0412 \u0440\u0430\u0437\u0432\u0451\u0440\u043d\u0443\u0442\u043e\u043c \u0441\u043e\u0441\u0442\u043e\u044f\u043d\u0438\u0438 \u0433\u043e\u0440\u0438\u0437\u043e\u043d\u0442\u0430\u043b\u044c\u043d\u044b\u0435 \u043c\u0430\u0440\u043a\u0438\u0437\u044b, \u0431\u043b\u0430\u0433\u043e\u0434\u0430\u0440\u044f \u0441\u0432\u043e\u0435\u043c\u0443 \u0442\u0435\u0445\u043d\u0438\u0447\u0435\u0441\u043a\u043e\u043c\u0443 \u0443\u0441\u0442\u0440\u043e\u0439\u0441\u0442\u0432\u0443, \u0441\u043e\u0437\u0434\u0430\u044e\u0442 \u043c\u0430\u043a\u0441\u0438\u043c\u0430\u043b\u044c\u043d\u0443\u044e \u043f\u043b\u043e\u0449\u0430\u0434\u044c \u0437\u0430\u0442\u0435\u043d\u0435\u043d\u0438\u044f: \u0434\u043e 24,5 \u043a\u0432.\u043c. \u0412\u0430\u0440\u0438\u0430\u043d\u0442\u044b \u0443\u043f\u0440\u0430\u0432\u043b\u0435\u043d\u0438\u044f \u043c\u0430\u0440\u043a\u0438\u0437\u043e\u0439: \u0440\u0443\u0447\u043d\u043e\u0435 (\u0440\u0443\u0447\u043a\u0430) \/ \u0441 \u043f\u043e\u043c\u043e\u0449\u044c\u044e \u044d\u043b\u0435\u043a\u0442\u0440\u043e\u0434\u0432\u0438\u0433\u0430\u0442\u0435\u043b\u044f. \u041c\u0430\u0440\u043a\u0438\u0437\u0443 \u0441 \u0440\u0443\u0447\u043d\u044b\u043c \u0443\u043f\u0440\u0430\u0432\u043b\u0435\u043d\u0438\u0435\u043c \u043c\u043e\u0436\u043d\u043e \u0443\u043a\u043e\u043c\u043f\u043b\u0435\u043a\u0442\u043e\u0432\u0430\u0442\u044c \u043e\u043f\u043e\u0440\u0430\u043c\u0438 \u2013 \u044d\u0442\u043e \u0442\u0435\u043b\u0435\u0441\u043a\u043e\u043f\u0438\u0447\u0435\u0441\u043a\u0438\u0435 \u043f\u0440\u043e\u0444\u0438\u043b\u0438, \u043a\u043e\u0442\u043e\u0440\u044b\u0435 \u0444\u0438\u043a\u0441\u0438\u0440\u0443\u044e\u0442 \u043f\u0435\u0440\u0435\u0434\u043d\u0438\u0439 \u043f\u0440\u043e\u0444\u0438\u043b\u044c \u043c\u0430\u0440\u043a\u0438\u0437\u044b, \u0442.\u0435. \u0437\u0430\u0449\u0438\u0449\u0430\u044e\u0442 \u0435\u0435 \u043e\u0442 \u0432\u0435\u0442\u0440\u0430. \u0412\u044b\u0434\u0432\u0438\u0436\u043d\u044b\u0435 \u043c\u0430\u0440\u043a\u0438\u0437\u044b \u043c\u043d\u043e\u0433\u043e\u0444\u0443\u043d\u043a\u0446\u0438\u043e\u043d\u0430\u043b\u044c\u043d\u044b. \u0422\u0430\u043a\u0438\u0435 \u043c\u0430\u0440\u043a\u0438\u0437\u044b \u0441\u0442\u0430\u0440\u0430\u044e\u0442\u0441\u044f \u0443\u0441\u0442\u0430\u043d\u043e\u0432\u0438\u0442\u044c \u043c\u043d\u043e\u0433\u0438\u0435 \u043a\u0430\u0444\u0435 \u0438 \u0440\u0435\u0441\u0442\u043e\u0440\u0430\u043d\u044b \u043d\u0430 \u0441\u0432\u043e\u0438\u0445 \u043b\u0435\u0442\u043d\u0438\u0445 \u043e\u0442\u043a\u0440\u044b\u0442\u044b\u0445 \u0442\u0435\u0440\u0440\u0430\u0441\u0430\u0445.<\/p>\n<\/div>\n<div style=\"float: left; width: 45%;\"><img decoding=\"async\" loading=\"lazy\" class=\"alignright\" style=\"margin-top: 40px; margin-left: 5px;\" src=\"https:\/\/zaluziliepaja.lv\/wp-content\/uploads\/2015\/04\/VEGAS_smal2-300x225.jpg\" width=\"300\" height=\"225\" \/><\/div>\n<p>[\/et_pb_text][\/et_pb_column][\/et_pb_row][\/et_pb_section]<\/p>\n","protected":false},"excerpt":{"rendered":"<p>\u041c\u0430\u0440\u043a\u0438\u0437\u044b \u043f\u0440\u0435\u0434\u043d\u0430\u0437\u043d\u0430\u0447\u0435\u043d\u044b \u0434\u043b\u044f \u0437\u0430\u0442\u0435\u043d\u0435\u043d\u0438\u044f \u0438 \u0437\u0430\u0449\u0438\u0442\u044b \u043e\u0442 \u0441\u043e\u043b\u043d\u0435\u0447\u043d\u044b\u0445 \u043b\u0443\u0447\u0435\u0439 \u0432\u0438\u0442\u0440\u0438\u043d\u043d\u044b\u0445 \u043e\u043a\u043e\u043d, \u0431\u0430\u043b\u043a\u043e\u043d\u043e\u0432, \u0442\u0435\u0440\u0440\u0430\u0441 \u0438 \u0432\u0435\u0440\u0430\u043d\u0434. \u041c\u0430\u0440\u043a\u0438\u0437\u044b \u043d\u0430\u0434\u0435\u0436\u043d\u043e \u0437\u0430\u0449\u0438\u0449\u0430\u044e\u0442 \u043f\u043e\u043c\u0435\u0449\u0435\u043d\u0438\u044f \u043e\u0442 \u043f\u0440\u044f\u043c\u044b\u0445 \u0441\u043e\u043b\u043d\u0435\u0447\u043d\u044b\u0445 \u043b\u0443\u0447\u0435\u0439. \u041e\u0441\u043d\u043e\u0432\u043d\u0430\u044f \u0444\u0443\u043d\u043a\u0446\u0438\u044f \u043c\u0430\u0440\u043a\u0438\u0437\u044b \u2013 \u0441\u043e\u0437\u0434\u0430\u0442\u044c \u0442\u0435\u043d\u044c \u0438 \u043d\u0435\u043e\u0431\u0445\u043e\u0434\u0438\u043c\u044b\u0439 \u043d\u0430\u0432\u0435\u0441, \u043f\u043b\u043e\u0449\u0430\u0434\u044c \u043a\u043e\u0442\u043e\u0440\u043e\u0433\u043e \u043c\u043e\u0436\u043d\u043e \u0440\u0435\u0433\u0443\u043b\u0438\u0440\u043e\u0432\u0430\u0442\u044c. \u0422\u0435\u0440\u0440\u0430\u0441\u043d\u044b\u0435 \u043c\u0430\u0440\u043a\u0438\u0437\u044b \u0441\u043e \u0441\u043a\u043b\u0430\u0434\u043d\u044b\u043c \u043a\u043e\u043b\u0435\u043d\u043e\u043c \u043d\u0435 \u0442\u043e\u043b\u044c\u043a\u043e \u0441\u043e\u0437\u0434\u0430\u0434\u0443\u0442 \u0436\u0435\u043b\u0430\u0435\u043c\u0443\u044e \u0442\u0435\u043d\u044c, \u043d\u043e \u0438 \u0437\u0430\u0449\u0438\u0442\u044f\u0442 \u043e\u0442 \u043d\u0435\u0431\u043e\u043b\u044c\u0448\u043e\u0433\u043e \u0434\u043e\u0436\u0434\u044f. \u041f\u0440\u0435\u0438\u043c\u0443\u0449\u0435\u0441\u0442\u0432\u0430 \u0412\u044b\u0434\u0432\u0438\u0436\u043d\u044b\u0435 \u043c\u0430\u0440\u043a\u0438\u0437\u044b [&hellip;]<\/p>\n","protected":false},"author":1,"featured_media":0,"parent":0,"menu_order":0,"comment_status":"open","ping_status":"closed","template":"","meta":{"_et_pb_use_builder":"on","_et_pb_old_content":"<p>[wds id=\"15\"]<\/p><p>Mark\u012bzes galven\u0101 funkcija \u2013 veidot \u0113nu un v\u0113lamo pav\u0113ni, kura plat\u012bbu var regul\u0113t. Mark\u012bzes dro\u0161i aizsarg\u0101 telpas no tie\u0161iem saules stariem. Terases mark\u012bzes ar saliecamiem l\u012bkumiem ne tikai nodro\u0161in\u0101s v\u0113lamo \u0113nu, bet ar\u012b aizsarg\u0101s no neliela lietus.Konstrukcijas da\u013cas izgatavotas no alum\u012bnija, kr\u0101sotas ar pulverkr\u0101so\u0161anas metodi.<\/p><div style=\"float: left; width: 55%;\"><h3>Priek\u0161roc\u012bbas<\/h3><p>Nolai\u017eam\u0101s mark\u012bzes ir v\u0113rt\u0113tas par to funkcionalit\u0101ti un praktiskumu. Mark\u012bzes vad\u012bbas varianti: rokas (rokturis) vai elektrodzin\u0113js. Salikt\u0101 veid\u0101, \u0161ie elegantie jumti\u0146i, gandr\u012bz neredzami uz \u0113kas fas\u0101de. Mark\u012bzei ar rokas vad\u012bbu var komplekt\u0113t atbalstu \u2013 teleskopiskos profilus, kas fiks\u0113 priek\u0161\u0113jo mark\u012bzes profilu, t.i., aizsarg\u0101 mark\u012bzi no v\u0113ja. Terases mark\u012bzes garums var b\u016bt no 2 m l\u012bdz 7 m. Terases mark\u012bzes dzi\u013cums var b\u016bt no 1,60 m l\u012bdz 4,10 m. Nolai\u017eam\u0101s mark\u012bzes ir daudzfunkcion\u0101las. Tos m\u0113\u0123ina ievietot daudzas kafejn\u012bc\u0101s un restor\u0101nos uz vasaras \u0101ra teras\u0113m.<br \/><br \/><br \/>\u017dal\u016bzijas Liep\u0101j\u0101.<\/p><\/div><div style=\"float: left; width: 45%;\"><img style=\"margin-top: 40px; margin-left: 5px;\" src=\"https:\/\/zaluziliepaja.lv\/wp-content\/uploads\/2015\/04\/VEGAS_smal2-300x225.jpg\" width=\"300\" height=\"225\" \/><\/div>","_et_gb_content_width":""},"aioseo_notices":[],"_links":{"self":[{"href":"https:\/\/zaluziliepaja.lv\/ru\/wp-json\/wp\/v2\/pages\/1000"}],"collection":[{"href":"https:\/\/zaluziliepaja.lv\/ru\/wp-json\/wp\/v2\/pages"}],"about":[{"href":"https:\/\/zaluziliepaja.lv\/ru\/wp-json\/wp\/v2\/types\/page"}],"author":[{"embeddable":true,"href":"https:\/\/zaluziliepaja.lv\/ru\/wp-json\/wp\/v2\/users\/1"}],"replies":[{"embeddable":true,"href":"https:\/\/zaluziliepaja.lv\/ru\/wp-json\/wp\/v2\/comments?post=1000"}],"version-history":[{"count":4,"href":"https:\/\/zaluziliepaja.lv\/ru\/wp-json\/wp\/v2\/pages\/1000\/revisions"}],"predecessor-version":[{"id":1534,"href":"https:\/\/zaluziliepaja.lv\/ru\/wp-json\/wp\/v2\/pages\/1000\/revisions\/1534"}],"wp:attachment":[{"href":"https:\/\/zaluziliepaja.lv\/ru\/wp-json\/wp\/v2\/media?parent=1000"}],"curies":[{"name":"wp","href":"https:\/\/api.w.org\/{rel}","templated":true}]}}