{"id":982,"date":"2015-03-22T05:22:11","date_gmt":"2015-03-22T02:22:11","guid":{"rendered":"http:\/\/zaluziliepaja.lv\/%d0%b3%d0%be%d1%80%d0%b8%d0%b7%d0%be%d0%bd%d1%82%d0%b0%d0%bb%d1%8c%d0%bd%d1%8b%d0%b5-%d0%b6%d0%b0%d0%bb%d1%8e%d0%b7%d0%b8\/"},"modified":"2020-10-14T17:02:43","modified_gmt":"2020-10-14T14:02:43","slug":"horizontalas","status":"publish","type":"page","link":"https:\/\/zaluziliepaja.lv\/ru\/horizontalas\/","title":{"rendered":"\u0413\u043e\u0440\u0438\u0437\u043e\u043d\u0442\u0430\u043b\u044c\u043d\u044b\u0435 \u0436\u0430\u043b\u044e\u0437\u0438"},"content":{"rendered":"<p>[et_pb_section fb_built=&#8221;1&#8243; fullwidth=&#8221;on&#8221; _builder_version=&#8221;3.22&#8243;][et_pb_fullwidth_slider _builder_version=&#8221;3.16&#8243; auto=&#8221;on&#8221; auto_speed=&#8221;5000&#8243; button_text_size__hover_enabled=&#8221;off&#8221; button_one_text_size__hover_enabled=&#8221;off&#8221; button_two_text_size__hover_enabled=&#8221;off&#8221; button_text_color__hover_enabled=&#8221;off&#8221; button_one_text_color__hover_enabled=&#8221;off&#8221; button_two_text_color__hover_enabled=&#8221;off&#8221; button_border_width__hover_enabled=&#8221;off&#8221; button_one_border_width__hover_enabled=&#8221;off&#8221; button_two_border_width__hover_enabled=&#8221;off&#8221; button_border_color__hover_enabled=&#8221;off&#8221; button_one_border_color__hover_enabled=&#8221;off&#8221; button_two_border_color__hover_enabled=&#8221;off&#8221; button_border_radius__hover_enabled=&#8221;off&#8221; button_one_border_radius__hover_enabled=&#8221;off&#8221; button_two_border_radius__hover_enabled=&#8221;off&#8221; button_letter_spacing__hover_enabled=&#8221;off&#8221; button_one_letter_spacing__hover_enabled=&#8221;off&#8221; button_two_letter_spacing__hover_enabled=&#8221;off&#8221; button_bg_color__hover_enabled=&#8221;off&#8221; button_one_bg_color__hover_enabled=&#8221;off&#8221; button_two_bg_color__hover_enabled=&#8221;off&#8221;][et_pb_slide use_bg_overlay=&#8221;off&#8221; use_text_overlay=&#8221;off&#8221; _builder_version=&#8221;3.16&#8243; background_image=&#8221;https:\/\/zaluziliepaja.lv\/wp-content\/uploads\/2018\/06\/Venetian-blinds16.jpg&#8221; parallax=&#8221;on&#8221; button_on_hover=&#8221;on&#8221; sticky_transition=&#8221;on&#8221; button_text_size__hover_enabled=&#8221;off&#8221; button_one_text_size__hover_enabled=&#8221;off&#8221; button_two_text_size__hover_enabled=&#8221;off&#8221; button_text_color__hover_enabled=&#8221;off&#8221; button_one_text_color__hover_enabled=&#8221;off&#8221; button_two_text_color__hover_enabled=&#8221;off&#8221; button_border_width__hover_enabled=&#8221;off&#8221; button_one_border_width__hover_enabled=&#8221;off&#8221; button_two_border_width__hover_enabled=&#8221;off&#8221; button_border_color__hover_enabled=&#8221;off&#8221; button_one_border_color__hover_enabled=&#8221;off&#8221; button_two_border_color__hover_enabled=&#8221;off&#8221; button_border_radius__hover_enabled=&#8221;off&#8221; button_one_border_radius__hover_enabled=&#8221;off&#8221; button_two_border_radius__hover_enabled=&#8221;off&#8221; button_letter_spacing__hover_enabled=&#8221;off&#8221; button_one_letter_spacing__hover_enabled=&#8221;off&#8221; button_two_letter_spacing__hover_enabled=&#8221;off&#8221; button_bg_color__hover_enabled=&#8221;off&#8221; button_one_bg_color__hover_enabled=&#8221;off&#8221; button_two_bg_color__hover_enabled=&#8221;off&#8221;][\/et_pb_slide][et_pb_slide use_bg_overlay=&#8221;off&#8221; use_text_overlay=&#8221;off&#8221; _builder_version=&#8221;3.16&#8243; background_image=&#8221;https:\/\/zaluziliepaja.lv\/wp-content\/uploads\/2018\/06\/Venetian-blinds10.jpg&#8221; parallax=&#8221;on&#8221; button_on_hover=&#8221;on&#8221; sticky_transition=&#8221;on&#8221; button_text_size__hover_enabled=&#8221;off&#8221; button_one_text_size__hover_enabled=&#8221;off&#8221; button_two_text_size__hover_enabled=&#8221;off&#8221; button_text_color__hover_enabled=&#8221;off&#8221; button_one_text_color__hover_enabled=&#8221;off&#8221; button_two_text_color__hover_enabled=&#8221;off&#8221; button_border_width__hover_enabled=&#8221;off&#8221; button_one_border_width__hover_enabled=&#8221;off&#8221; button_two_border_width__hover_enabled=&#8221;off&#8221; button_border_color__hover_enabled=&#8221;off&#8221; button_one_border_color__hover_enabled=&#8221;off&#8221; button_two_border_color__hover_enabled=&#8221;off&#8221; button_border_radius__hover_enabled=&#8221;off&#8221; button_one_border_radius__hover_enabled=&#8221;off&#8221; button_two_border_radius__hover_enabled=&#8221;off&#8221; button_letter_spacing__hover_enabled=&#8221;off&#8221; button_one_letter_spacing__hover_enabled=&#8221;off&#8221; button_two_letter_spacing__hover_enabled=&#8221;off&#8221; button_bg_color__hover_enabled=&#8221;off&#8221; button_one_bg_color__hover_enabled=&#8221;off&#8221; button_two_bg_color__hover_enabled=&#8221;off&#8221;][\/et_pb_slide][\/et_pb_fullwidth_slider][\/et_pb_section][et_pb_section fb_built=&#8221;1&#8243; _builder_version=&#8221;3.22&#8243;][et_pb_row _builder_version=&#8221;3.25&#8243; background_size=&#8221;initial&#8221; background_position=&#8221;top_left&#8221; background_repeat=&#8221;repeat&#8221; column_structure=&#8221;1_2,1_2&#8243;][et_pb_column type=&#8221;1_2&#8243; _builder_version=&#8221;3.25&#8243; custom_padding=&#8221;|||&#8221; custom_padding__hover=&#8221;|||&#8221;][et_pb_post_title meta=&#8221;off&#8221; featured_image=&#8221;off&#8221; _builder_version=&#8221;3.5&#8243;][\/et_pb_post_title][et_pb_text _builder_version=&#8221;3.27.4&#8243; custom_padding=&#8221;||0px|||&#8221;]<\/p>\n<h3 style=\"text-align: justify;\">\u0421\u0430\u043c\u044b\u0439 \u0443\u0437\u043d\u0430\u0432\u0430\u0435\u043c\u044b\u0439 \u0432\u0438\u0434 \u0436\u0430\u043b\u044e\u0437\u0438<\/h3>\n<p style=\"text-align: justify;\">\u0413\u043e\u0440\u0438\u0437\u043e\u043d\u0442\u0430\u043b\u044c\u043d\u044b\u0435 \u0436\u0430\u043b\u044e\u0437\u0438 &#8211; \u0432\u043e\u0442 \u043a\u0430\u0440\u0442\u0438\u043d\u043a\u0430, \u043a\u043e\u0442\u043e\u0440\u0430\u044f \u043f\u0440\u0438\u0445\u043e\u0434\u0438\u0442 \u0432 \u0433\u043e\u043b\u043e\u0432\u0443 \u043f\u043e\u0447\u0442\u0438 \u043a\u0430\u0436\u0434\u043e\u043c\u0443, \u043a\u0442\u043e \u0441\u043b\u044b\u0448\u0438\u0442 \u0441\u043b\u043e\u0432\u043e \u0436\u0430\u043b\u044e\u0437\u0438. \u0418\u0437\u043e\u0431\u0440\u0435\u0442\u0451\u043d\u043d\u044b\u0435 \u043d\u0435\u0441\u043a\u043e\u043b\u044c\u043a\u043e \u0432\u0435\u043a\u043e\u0432 \u043d\u0430\u0437\u0430\u0434 \u0434\u043e \u0441\u0438\u0445 \u043f\u043e\u0440 \u043e\u0441\u0442\u0430\u044e\u0442\u0441\u044f \u043f\u043e\u043f\u0443\u043b\u044f\u0440\u043d\u044b\u043c\u0438 \u0433\u043e\u0440\u0438\u0437\u043e\u043d\u0442\u0430\u043b\u043a\u0438 &#8211; \u043f\u043e\u043b\u043e\u0441\u044b, \u043f\u0430\u0440\u0430\u043b\u043b\u0435\u043b\u044c\u043d\u044b\u0435 \u043f\u043e\u043b\u0443 \u0441\u043a\u0440\u0435\u043f\u043b\u0435\u043d\u044b \u043c\u0435\u0436\u0434\u0443 \u0441\u043e\u0431\u043e\u0439 \u043d\u0438\u0442\u044f\u043c\u0438, \u0447\u0442\u043e \u043f\u043e\u0437\u0432\u043e\u043b\u044f\u0435\u0442 \u043f\u043e\u0432\u043e\u0440\u0430\u0447\u0438\u0432\u0430\u0442\u044c \u0436\u0430\u043b\u044e\u0437\u0438. \u0440\u0435\u0433\u0443\u043b\u0438\u0440\u0443\u044f \u0441\u0432\u0435\u0442\u043e\u0432\u043e\u0439 \u043f\u043e\u0442\u043e\u043a, \u043f\u0440\u0438\u043e\u0442\u043a\u0440\u044b\u0442\u044c \u0438\u0445 \u043d\u0430 \u043f\u043e\u043b\u043e\u0432\u0438\u043d\u0443 \u0438\u043b\u0438 \u0437\u0430\u043a\u0440\u044b\u0442\u044c \u043f\u043e\u043b\u043d\u043e\u0441\u0442\u044c\u044e.<br \/> \u042d\u0442\u043e\u0442 \u0432\u0438\u0434 \u0436\u0430\u043b\u044e\u0437\u0438, \u043a\u0430\u043a \u043f\u0440\u0430\u0432\u0438\u043b\u043e, \u0438\u0437\u0433\u043e\u0442\u043e\u0432\u043b\u0435\u043d \u0438\u0437 \u0430\u043b\u044e\u043c\u0438\u043d\u0438\u044f. \u0422\u0430\u043a\u0436\u0435 \u0435\u0441\u0442\u044c \u0438 \u044d\u043a\u0441\u043a\u043b\u044e\u0437\u0438\u0432\u043d\u044b\u0435 \u0432\u0430\u0440\u0438\u0430\u043d\u0442\u044b \u0438\u0437 \u0434\u0435\u0440\u0435\u0432\u0430 (\u0431\u0430\u043c\u0431\u0443\u043a, \u043a\u0430\u043d\u0430\u0434\u0441\u043a\u0430\u044f \u0441\u043e\u0441\u043d\u0430).<\/p>\n<h3>\u041f\u0440\u0435\u0438\u043c\u0443\u0449\u0435\u0441\u0442\u0432\u0430<\/h3>\n<ul>\n<li>\u0412\u043e\u0437\u043c\u043e\u0436\u043d\u043e\u0441\u0442\u044c \u0440\u0435\u0433\u0443\u043b\u0438\u0440\u043e\u0432\u0430\u0442\u044c \u0441\u0432\u0435\u0442\u043e\u0432\u043e\u0439 \u043f\u043e\u0442\u043e\u043a<\/li>\n<li>\u0412\u0430\u0440\u0438\u0430\u0446\u0438\u044f \u0433\u043e\u0440\u0438\u0437\u043e\u043d\u0442\u0430\u043b\u044c\u043d\u044b\u0445 \u0436\u0430\u043b\u044e\u0437\u0438 ISO \u043a\u0440\u0435\u043f\u0438\u0442\u0441\u044f \u043d\u0430 \u0441\u0442\u0432\u043e\u0440\u043a\u0443 \u043e\u043a\u043d\u0430, \u0447\u0442\u043e \u043f\u043e\u0437\u0432\u043e\u043b\u044f\u0435\u0442 \u043f\u0440\u043e\u0432\u0435\u0442\u0440\u0438\u0432\u0430\u0442\u044c \u0441 \u0437\u0430\u043a\u0440\u044b\u0442\u044b\u043c\u0438 \u0436\u0430\u043b\u044e\u0437\u0438.<\/li>\n<li>\u042d\u043a\u043e\u043d\u043e\u043c\u0438\u0447\u043d\u043e\u0435 \u0440\u0435\u0448\u0435\u043d\u0438\u0435<\/li>\n<li>\u041c\u043e\u0436\u043d\u043e \u043f\u043e\u0432\u0435\u0441\u0438\u0442\u044c \u043d\u0430 \u0441\u0442\u0435\u043d\u0443, \u043f\u043e\u0442\u043e\u043b\u043e\u043a \u0438\u043b\u0438 \u0440\u0430\u043c\u0443 \u043e\u043a\u043d\u0430, \u0430 \u0442\u0430\u043a\u0436\u0435 \u0438\u0441\u043f\u043e\u043b\u044c\u0437\u043e\u0432\u0430\u0442\u044c \u043a\u0430\u043a \u043f\u0435\u0440\u0435\u0433\u043e\u0440\u043e\u0434\u043a\u0443 \u0432 \u043f\u043e\u043c\u0435\u0449\u0435\u043d\u0438\u0438<\/li>\n<li>\u0420\u0430\u0437\u043b\u0438\u0447\u043d\u044b\u0435 \u0440\u0430\u0441\u0446\u0432\u0435\u0442\u043a\u0438, \u0432\u043a\u043b\u044e\u0447\u0430\u044f \u0438\u043c\u0438\u0442\u0430\u0446\u0438\u044e \u0434\u0435\u0440\u0435\u0432\u0430 (\u0434\u043b\u044f \u0430\u043b\u044e\u043c\u0438\u043d\u0438\u0435\u0432\u044b\u0445 \u0436\u0430\u043b\u044e\u0437\u0438) \u0438 \u0434\u0435\u0440\u0435\u0432\u043e.<\/li>\n<li>\u0412\u044b\u0441\u043e\u043a\u0430\u044f \u0441\u0442\u0435\u043f\u0435\u043d\u044c \u0441\u043e\u043b\u043d\u0446\u0435\u0437\u0430\u0449\u0438\u0442\u044b.<\/li>\n<\/ul>\n<h3>\u0412\u043d\u0438\u043c\u0430\u043d\u0438\u0435!<\/h3>\n<p style=\"text-align: justify;\">\u041d\u0430\u0441\u0442\u043e\u044f\u0442\u0435\u043b\u044c\u043d\u043e \u0440\u0435\u043a\u043e\u043c\u0435\u043d\u0434\u0443\u0435\u043c \u043e\u0442\u043a\u0440\u044b\u0432\u0430\u0442\u044c \u0436\u0430\u043b\u044e\u0437\u0438 \u043f\u043e\u043b\u043d\u043e\u0441\u0442\u044c\u044e, \u0435\u0441\u043b\u0438 \u0432\u044b \u0436\u0435\u043b\u0430\u0435\u0442\u0435 \u0432\u044b\u0433\u043b\u044f\u043d\u0443\u0442\u044c \u043d\u0430 \u0443\u043b\u0438\u0446\u0443, \u0440\u0430\u0437\u0433\u0438\u0431\u0430\u043d\u0438\u0435 \u0441\u043e\u0441\u0435\u0434\u043d\u0438\u0445 \u043f\u043e\u043b\u043e\u0441 \u043f\u0440\u0438\u0432\u043e\u0434\u0438\u0442 \u043a \u0438\u0445 \u0434\u0435\u0444\u043e\u0440\u043c\u0430\u0446\u0438\u0438, \u043f\u0440\u0438 \u043d\u0435\u0430\u043a\u043a\u0443\u0440\u0430\u0442\u043d\u043e\u0439 \u044d\u043a\u0441\u043f\u043b\u0443\u0430\u0442\u0430\u0446\u0438\u0438 \u0438 \u0437\u0430\u043b\u043e\u043c\u0430\u0445 \u0436\u0430\u043b\u044e\u0437\u0438 \u0431\u0443\u0434\u0443\u0442 \u043f\u043b\u043e\u0445\u043e \u0440\u0430\u0431\u043e\u0442\u0430\u0442\u044c.<\/p>\n<p style=\"text-align: justify;\">\n<p>[\/et_pb_text][et_pb_text _builder_version=&#8221;4.6.0&#8243; _module_preset=&#8221;default&#8221; hover_enabled=&#8221;0&#8243; sticky_enabled=&#8221;0&#8243;]<\/p>\n<h4><span>\u0418\u043d\u0441\u0442\u0440\u0443\u043a\u0446\u0438\u0438 \u043f\u043e \u0437\u0430\u043c\u0435\u0440\u0443 \u043f\u043e\u0434 \u0433\u043e\u0440\u0438\u0437\u043e\u043d\u0442\u0430\u043b\u044c\u043d\u044b\u0435 \u0436\u0430\u043b\u044e\u0437\u0438<\/span><\/h4>\n<p>[\/et_pb_text][et_pb_video src=&#8221;https:\/\/youtu.be\/2lD5_8ytXyE&#8221; _builder_version=&#8221;4.6.0&#8243; _module_preset=&#8221;default&#8221; hover_enabled=&#8221;0&#8243; sticky_enabled=&#8221;0&#8243;][\/et_pb_video][\/et_pb_column][et_pb_column type=&#8221;1_2&#8243; _builder_version=&#8221;3.25&#8243; custom_padding=&#8221;|||&#8221; custom_padding__hover=&#8221;|||&#8221;][et_pb_image src=&#8221;https:\/\/zaluziliepaja.lv\/wp-content\/uploads\/2018\/06\/Venetian-blinds21.jpg&#8221; align_tablet=&#8221;center&#8221; align_last_edited=&#8221;on|desktop&#8221; _builder_version=&#8221;3.23&#8243;][\/et_pb_image][\/et_pb_column][\/et_pb_row][\/et_pb_section]<\/p>\n","protected":false},"excerpt":{"rendered":"<p>\u0421\u0430\u043c\u044b\u0439 \u0443\u0437\u043d\u0430\u0432\u0430\u0435\u043c\u044b\u0439 \u0432\u0438\u0434 \u0436\u0430\u043b\u044e\u0437\u0438 \u0413\u043e\u0440\u0438\u0437\u043e\u043d\u0442\u0430\u043b\u044c\u043d\u044b\u0435 \u0436\u0430\u043b\u044e\u0437\u0438 &#8211; \u0432\u043e\u0442 \u043a\u0430\u0440\u0442\u0438\u043d\u043a\u0430, \u043a\u043e\u0442\u043e\u0440\u0430\u044f \u043f\u0440\u0438\u0445\u043e\u0434\u0438\u0442 \u0432 \u0433\u043e\u043b\u043e\u0432\u0443 \u043f\u043e\u0447\u0442\u0438 \u043a\u0430\u0436\u0434\u043e\u043c\u0443, \u043a\u0442\u043e \u0441\u043b\u044b\u0448\u0438\u0442 \u0441\u043b\u043e\u0432\u043e \u0436\u0430\u043b\u044e\u0437\u0438. \u0418\u0437\u043e\u0431\u0440\u0435\u0442\u0451\u043d\u043d\u044b\u0435 \u043d\u0435\u0441\u043a\u043e\u043b\u044c\u043a\u043e \u0432\u0435\u043a\u043e\u0432 \u043d\u0430\u0437\u0430\u0434 \u0434\u043e \u0441\u0438\u0445 \u043f\u043e\u0440 \u043e\u0441\u0442\u0430\u044e\u0442\u0441\u044f \u043f\u043e\u043f\u0443\u043b\u044f\u0440\u043d\u044b\u043c\u0438 \u0433\u043e\u0440\u0438\u0437\u043e\u043d\u0442\u0430\u043b\u043a\u0438 &#8211; \u043f\u043e\u043b\u043e\u0441\u044b, \u043f\u0430\u0440\u0430\u043b\u043b\u0435\u043b\u044c\u043d\u044b\u0435 \u043f\u043e\u043b\u0443 \u0441\u043a\u0440\u0435\u043f\u043b\u0435\u043d\u044b \u043c\u0435\u0436\u0434\u0443 \u0441\u043e\u0431\u043e\u0439 \u043d\u0438\u0442\u044f\u043c\u0438, \u0447\u0442\u043e \u043f\u043e\u0437\u0432\u043e\u043b\u044f\u0435\u0442 \u043f\u043e\u0432\u043e\u0440\u0430\u0447\u0438\u0432\u0430\u0442\u044c \u0436\u0430\u043b\u044e\u0437\u0438. \u0440\u0435\u0433\u0443\u043b\u0438\u0440\u0443\u044f \u0441\u0432\u0435\u0442\u043e\u0432\u043e\u0439 \u043f\u043e\u0442\u043e\u043a, \u043f\u0440\u0438\u043e\u0442\u043a\u0440\u044b\u0442\u044c \u0438\u0445 \u043d\u0430 \u043f\u043e\u043b\u043e\u0432\u0438\u043d\u0443 \u0438\u043b\u0438 \u0437\u0430\u043a\u0440\u044b\u0442\u044c \u043f\u043e\u043b\u043d\u043e\u0441\u0442\u044c\u044e. \u042d\u0442\u043e\u0442 \u0432\u0438\u0434 \u0436\u0430\u043b\u044e\u0437\u0438, \u043a\u0430\u043a [&hellip;]<\/p>\n","protected":false},"author":1,"featured_media":0,"parent":0,"menu_order":0,"comment_status":"open","ping_status":"closed","template":"","meta":{"_et_pb_use_builder":"on","_et_pb_old_content":"<p>[wds id=\"6\"]<\/p><h3>Vispaz\u012bstam\u0101kais \u017eal\u016bziju veids<\/h3><p>Horizont\u0101l\u0101s \u017eal\u016bzijas - tas ir, ko iedom\u0101jas gandr\u012bz katrs, kur\u0161 dzird v\u0101rdu \u017eal\u016bzijas. Izgudrotas p\u0101ris gadsimtus atpaka\u013c t\u0101s joproj\u0101m paliek \u013coti popul\u0101ras - horizont\u0101las lameles ir savienotas ar diegu, kas \u013cauj \u017eal\u016bzijas pagriezt, regul\u0113jot gaismas pl\u016bsmu un caurredzm\u012bbu, t\u0101s var atv\u0113rt da\u013c\u0113ji, vai piln\u012bb\u0101.<br \/>Parasti \u0161o \u017eal\u016bziju veidu izgatavo no alum\u012bnija, ir ar\u012b ekskluz\u012bvi varianti no koka (bambusa, vai kan\u0101das priedes).<\/p><div style=\"float: left; width: 55%;\"><h3>Priek\u0161roc\u012bbas<\/h3><p>Iesp\u0113ja regul\u0113t gaismas pl\u016bsmu.Horizont\u0101lo \u017eal\u016bziju variants, t\u0101 saucam\u0101s ISO \u017eal\u016b\u017eijas tiek mont\u0113tas tie\u0161i pie loga v\u0113rtnes, kas \u013cauj izv\u0113din\u0101t telpu ar aizv\u0113rt\u0113m \u017eal\u016bzij\u0101m.Taup\u012bgs risin\u0101jums.T\u0101s var piestiprin\u0101t pie sienas, griestiem, loga r\u0101mja, k\u0101 ar\u012b izmantot telpas sadal\u012b\u0161anai.Pieejamas da\u017e\u0101das kr\u0101sas, koka imit\u0101cija (alum\u012bnija \u017eal\u016bz\u012bj\u0101m), k\u0101 ar\u012b koks.Augsta saules aizardz\u012bbas pak\u0101pe.<\/p><\/div><div style=\"float: left; width: 45%; margin-bottom: 5px;\"><img style=\"margin-top: 20px;\" src=\"https:\/\/zaluziliepaja.lv\/wp-content\/uploads\/2015\/04\/horiz.jpg\" width=\"300\" height=\"200\" \/><\/div><h3>Uzman\u012bbu!<\/h3><p>\u013boti rekomend\u0113jam atv\u0113rt \u017eal\u016bz\u012bjas piln\u012bb\u0101, ja j\u016bs v\u0113laties pal\u016bkoties pa logu, lame\u013cu atliek\u0161ana var deform\u0113t tas, neakur\u0101tas ekspluat\u0101cijas gad\u012bjum\u0101 t\u0101s ar laiku slikti savilksies.<br \/><br \/><br \/>\u017dal\u016bzijas Liep\u0101j\u0101.<\/p>","_et_gb_content_width":""},"aioseo_notices":[],"_links":{"self":[{"href":"https:\/\/zaluziliepaja.lv\/ru\/wp-json\/wp\/v2\/pages\/982"}],"collection":[{"href":"https:\/\/zaluziliepaja.lv\/ru\/wp-json\/wp\/v2\/pages"}],"about":[{"href":"https:\/\/zaluziliepaja.lv\/ru\/wp-json\/wp\/v2\/types\/page"}],"author":[{"embeddable":true,"href":"https:\/\/zaluziliepaja.lv\/ru\/wp-json\/wp\/v2\/users\/1"}],"replies":[{"embeddable":true,"href":"https:\/\/zaluziliepaja.lv\/ru\/wp-json\/wp\/v2\/comments?post=982"}],"version-history":[{"count":7,"href":"https:\/\/zaluziliepaja.lv\/ru\/wp-json\/wp\/v2\/pages\/982\/revisions"}],"predecessor-version":[{"id":2309,"href":"https:\/\/zaluziliepaja.lv\/ru\/wp-json\/wp\/v2\/pages\/982\/revisions\/2309"}],"wp:attachment":[{"href":"https:\/\/zaluziliepaja.lv\/ru\/wp-json\/wp\/v2\/media?parent=982"}],"curies":[{"name":"wp","href":"https:\/\/api.w.org\/{rel}","templated":true}]}}