{"id":988,"date":"2015-03-22T05:23:37","date_gmt":"2015-03-22T02:23:37","guid":{"rendered":"http:\/\/zaluziliepaja.lv\/%d1%80%d0%b8%d0%bc%d1%81%d0%ba%d0%b8%d0%b5-%d1%88%d1%82%d0%be%d1%80%d1%8b\/"},"modified":"2020-09-10T14:24:21","modified_gmt":"2020-09-10T11:24:21","slug":"romiesu-aizkari","status":"publish","type":"page","link":"https:\/\/zaluziliepaja.lv\/ru\/romiesu-aizkari\/","title":{"rendered":"\u0420\u0438\u043c\u0441\u043a\u0438\u0435 \u0448\u0442\u043e\u0440\u044b"},"content":{"rendered":"<p>[et_pb_section fb_built=&#8221;1&#8243; fullwidth=&#8221;on&#8221; _builder_version=&#8221;3.0.47&#8243;][et_pb_fullwidth_slider _builder_version=&#8221;3.5&#8243; auto=&#8221;on&#8221; auto_speed=&#8221;5000&#8243;][et_pb_slide use_bg_overlay=&#8221;off&#8221; use_text_overlay=&#8221;off&#8221; _builder_version=&#8221;3.5&#8243; background_image=&#8221;https:\/\/zaluziliepaja.lv\/wp-content\/uploads\/2018\/06\/Roman-blinds1.jpg&#8221; parallax=&#8221;on&#8221; button_on_hover=&#8221;on&#8221;][\/et_pb_slide][et_pb_slide use_bg_overlay=&#8221;off&#8221; use_text_overlay=&#8221;off&#8221; _builder_version=&#8221;3.5&#8243; background_image=&#8221;https:\/\/zaluziliepaja.lv\/wp-content\/uploads\/2018\/06\/Roman-blinds7-e1528675181100.jpg&#8221; parallax=&#8221;on&#8221; button_on_hover=&#8221;on&#8221;][\/et_pb_slide][\/et_pb_fullwidth_slider][\/et_pb_section][et_pb_section fb_built=&#8221;1&#8243; _builder_version=&#8221;3.0.47&#8243;][et_pb_row _builder_version=&#8221;3.0.47&#8243; background_size=&#8221;initial&#8221; background_position=&#8221;top_left&#8221; background_repeat=&#8221;repeat&#8221;][et_pb_column type=&#8221;1_2&#8243; _builder_version=&#8221;3.0.47&#8243; parallax=&#8221;off&#8221; parallax_method=&#8221;on&#8221;][et_pb_post_title meta=&#8221;off&#8221; featured_image=&#8221;off&#8221; _builder_version=&#8221;3.5&#8243;][\/et_pb_post_title][et_pb_text _builder_version=&#8221;3.5&#8243;]<\/p>\n<p style=\"text-align: justify;\">\u0420\u0438\u043c\u0441\u043a\u0438\u0435 \u0448\u0442\u043e\u0440\u044b &#8211;\u00a0\u0441\u0430\u043c\u0430\u044f \u044d\u043b\u0435\u0433\u0430\u043d\u0442\u043d\u0430\u044f \u0441\u043e\u043b\u043d\u0446\u0435\u0437\u0430\u0449\u0438\u0442\u043d\u0430\u044f \u0441\u0438\u0441\u0442\u0435\u043c\u0430, \u0441\u043f\u043e\u0441\u043e\u0431\u043d\u0430\u044f \u0441\u0442\u0430\u0442\u044c \u0443\u043a\u0440\u0430\u0448\u0435\u043d\u0438\u0435\u043c \u043b\u044e\u0431\u043e\u0433\u043e \u0438\u043d\u0442\u0435\u0440\u044c\u0435\u0440\u0430 \u0438 \u043d\u0435\u0437\u0430\u043c\u0435\u043d\u0438\u043c\u0430\u044f \u0432 \u043f\u043e\u043c\u0435\u0449\u0435\u043d\u0438\u044f\u0445, \u0432 \u043a\u043e\u0442\u043e\u0440\u044b\u0445 \u043f\u0435\u0440\u0438\u043e\u0434\u0438\u0447\u0435\u0441\u043a\u0438 \u0442\u0440\u0435\u0431\u0443\u0435\u0442\u0441\u044f \u0443\u044e\u0442\u043d\u043e\u0435 \u0437\u0430\u0442\u0435\u043c\u043d\u0435\u043d\u0438\u0435, \u043d\u0430\u043f\u0440\u0438\u043c\u0435\u0440, \u0441\u043f\u0430\u043b\u044c\u043d\u044f\u0445 \u0438\u043b\u0438 \u0433\u043e\u0441\u0442\u0438\u043d\u044b\u0445 \u0441 \u0443\u0441\u0442\u0430\u043d\u043e\u0432\u043b\u0435\u043d\u043d\u044b\u043c \u0434\u043e\u043c\u0430\u0448\u043d\u0438\u043c \u043a\u0438\u043d\u043e\u0442\u0435\u0430\u0442\u0440\u043e\u043c. \u0414\u043e\u043f\u043e\u043b\u043d\u0438\u0442\u0435\u043b\u044c\u043d\u044b\u043c \u043f\u0440\u0435\u0438\u043c\u0443\u0449\u0435\u0441\u0442\u0432\u043e\u043c \u043d\u0430 \u0437\u0430\u043a\u0430\u0437 \u0440\u0438\u043c\u0441\u043a\u0438\u0445 \u0448\u0442\u043e\u0440 \u044f\u0432\u043b\u044f\u0435\u0442\u0441\u044f \u0443\u043d\u0438\u043a\u0430\u043b\u044c\u043d\u0430\u044f \u0441\u0438\u0441\u0442\u0435\u043c\u0430 \u043a\u0440\u0435\u043f\u043b\u0435\u043d\u0438\u044f, \u043f\u043e\u043b\u043d\u043e\u0441\u0442\u044c\u044e \u0437\u0430\u043a\u0440\u044b\u0442\u0430\u044f \u0442\u043a\u0430\u043d\u044c\u044e \u0441\u0430\u043c\u043e\u0439 \u0448\u0442\u043e\u0440\u044b \u2013 \u0432 \u0440\u0435\u0437\u0443\u043b\u044c\u0442\u0430\u0442\u0435 \u043a\u0430\u0440\u043d\u0438\u0437 \u043d\u0435 \u0438\u0441\u043f\u043e\u0440\u0442\u0438\u0442 \u0438\u0434\u0435\u0430\u043b\u044c\u043d\u044b\u0439 \u0438\u043d\u0442\u0435\u0440\u044c\u0435\u0440 \u043f\u043e\u043c\u0435\u0449\u0435\u043d\u0438\u044f. \u041d\u0435\u0437\u0430\u0432\u0438\u0441\u0438\u043c\u043e \u043e\u0442 \u0442\u043e\u0433\u043e, \u043a\u0430\u043a\u0438\u0435 \u0432\u044b \u0432\u044b\u0431\u0435\u0440\u0435\u0442\u0435 \u0438 \u0443\u0441\u0442\u0430\u043d\u043e\u0432\u0438\u0442\u0435 \u0440\u0438\u043c\u0441\u043a\u0438\u0435 \u0448\u0442\u043e\u0440\u044b, \u0432\u0430\u0448 \u0438\u043d\u0442\u0435\u0440\u044c\u0435\u0440 \u0441\u0442\u0430\u043d\u0435\u0442 \u0431\u043e\u043b\u0435\u0435 \u0438\u0437\u044b\u0441\u043a\u0430\u043d\u043d\u044b\u043c, \u0444\u0443\u043d\u043a\u0446\u0438\u043e\u043d\u0430\u043b\u044c\u043d\u044b\u043c \u0438 \u0437\u0430\u0432\u0435\u0440\u0448\u0435\u043d\u043d\u044b\u043c. \u0414\u0430\u043d\u043d\u0430\u044f \u043f\u0440\u043e\u0434\u0443\u043a\u0446\u0438\u044f \u0438\u043c\u0435\u0435\u0442 \u044d\u0440\u0433\u043e\u043d\u043e\u043c\u0438\u0447\u043d\u044b\u0439 \u0438 \u043b\u0430\u043a\u043e\u043d\u0438\u0447\u043d\u044b\u0439 \u0441\u0442\u0438\u043b\u044c, \u043a \u0442\u043e\u043c\u0443 \u0436\u0435, \u043e\u043d\u0430 \u0432\u0435\u0441\u044c\u043c\u0430 \u043f\u0440\u043e\u0441\u0442\u0430\u044f \u0432 \u0443\u0445\u043e\u0434\u0435 \u0438 \u044d\u043a\u0441\u043f\u043b\u0443\u0430\u0442\u0430\u0446\u0438\u0438. \u0412\u043c\u0435\u0441\u0442\u0435 \u0441 \u0442\u0435\u043c, \u0440\u0438\u043c\u0441\u043a\u0438\u0435 \u0448\u0442\u043e\u0440\u044b \u043d\u0430 \u0437\u0430\u043a\u0430\u0437 \u0438\u043c\u0435\u044e\u0442 \u0441\u043e\u0432\u0440\u0435\u043c\u0435\u043d\u043d\u044b\u0439 \u0438 \u043a\u0440\u0430\u0441\u0438\u0432\u044b\u0439 \u0432\u043d\u0435\u0448\u043d\u0438\u0439 \u0432\u0438\u0434 \u0438 \u043f\u043e\u0434\u0445\u043e\u0434\u044f\u0442 \u0434\u043b\u044f \u043e\u0431\u0443\u0441\u0442\u0440\u043e\u0439\u0441\u0442\u0432\u0430 \u043b\u044e\u0431\u043e\u0433\u043e \u0438\u043d\u0442\u0435\u0440\u044c\u0435\u0440\u0430 \u043e\u0442 \u043c\u043e\u0434\u0435\u0440\u043d\u0430 \u0438 \u0434\u043e \u043a\u043b\u0430\u0441\u0441\u0438\u043a\u0438.<\/p>\n<p>[\/et_pb_text][\/et_pb_column][et_pb_column type=&#8221;1_2&#8243; _builder_version=&#8221;3.0.47&#8243; parallax=&#8221;off&#8221; parallax_method=&#8221;on&#8221;][et_pb_image src=&#8221;https:\/\/zaluziliepaja.lv\/wp-content\/uploads\/2018\/06\/Roman-blinds9.jpg&#8221; _builder_version=&#8221;3.5&#8243;][\/et_pb_image][\/et_pb_column][\/et_pb_row][\/et_pb_section]<\/p>\n","protected":false},"excerpt":{"rendered":"<p>\u0420\u0438\u043c\u0441\u043a\u0438\u0435 \u0448\u0442\u043e\u0440\u044b &#8211;\u00a0\u0441\u0430\u043c\u0430\u044f \u044d\u043b\u0435\u0433\u0430\u043d\u0442\u043d\u0430\u044f \u0441\u043e\u043b\u043d\u0446\u0435\u0437\u0430\u0449\u0438\u0442\u043d\u0430\u044f \u0441\u0438\u0441\u0442\u0435\u043c\u0430, \u0441\u043f\u043e\u0441\u043e\u0431\u043d\u0430\u044f \u0441\u0442\u0430\u0442\u044c \u0443\u043a\u0440\u0430\u0448\u0435\u043d\u0438\u0435\u043c \u043b\u044e\u0431\u043e\u0433\u043e \u0438\u043d\u0442\u0435\u0440\u044c\u0435\u0440\u0430 \u0438 \u043d\u0435\u0437\u0430\u043c\u0435\u043d\u0438\u043c\u0430\u044f \u0432 \u043f\u043e\u043c\u0435\u0449\u0435\u043d\u0438\u044f\u0445, \u0432 \u043a\u043e\u0442\u043e\u0440\u044b\u0445 \u043f\u0435\u0440\u0438\u043e\u0434\u0438\u0447\u0435\u0441\u043a\u0438 \u0442\u0440\u0435\u0431\u0443\u0435\u0442\u0441\u044f \u0443\u044e\u0442\u043d\u043e\u0435 \u0437\u0430\u0442\u0435\u043c\u043d\u0435\u043d\u0438\u0435, \u043d\u0430\u043f\u0440\u0438\u043c\u0435\u0440, \u0441\u043f\u0430\u043b\u044c\u043d\u044f\u0445 \u0438\u043b\u0438 \u0433\u043e\u0441\u0442\u0438\u043d\u044b\u0445 \u0441 \u0443\u0441\u0442\u0430\u043d\u043e\u0432\u043b\u0435\u043d\u043d\u044b\u043c \u0434\u043e\u043c\u0430\u0448\u043d\u0438\u043c \u043a\u0438\u043d\u043e\u0442\u0435\u0430\u0442\u0440\u043e\u043c. \u0414\u043e\u043f\u043e\u043b\u043d\u0438\u0442\u0435\u043b\u044c\u043d\u044b\u043c \u043f\u0440\u0435\u0438\u043c\u0443\u0449\u0435\u0441\u0442\u0432\u043e\u043c \u043d\u0430 \u0437\u0430\u043a\u0430\u0437 \u0440\u0438\u043c\u0441\u043a\u0438\u0445 \u0448\u0442\u043e\u0440 \u044f\u0432\u043b\u044f\u0435\u0442\u0441\u044f \u0443\u043d\u0438\u043a\u0430\u043b\u044c\u043d\u0430\u044f \u0441\u0438\u0441\u0442\u0435\u043c\u0430 \u043a\u0440\u0435\u043f\u043b\u0435\u043d\u0438\u044f, \u043f\u043e\u043b\u043d\u043e\u0441\u0442\u044c\u044e \u0437\u0430\u043a\u0440\u044b\u0442\u0430\u044f \u0442\u043a\u0430\u043d\u044c\u044e \u0441\u0430\u043c\u043e\u0439 \u0448\u0442\u043e\u0440\u044b \u2013 \u0432 \u0440\u0435\u0437\u0443\u043b\u044c\u0442\u0430\u0442\u0435 \u043a\u0430\u0440\u043d\u0438\u0437 \u043d\u0435 \u0438\u0441\u043f\u043e\u0440\u0442\u0438\u0442 \u0438\u0434\u0435\u0430\u043b\u044c\u043d\u044b\u0439 \u0438\u043d\u0442\u0435\u0440\u044c\u0435\u0440 \u043f\u043e\u043c\u0435\u0449\u0435\u043d\u0438\u044f. \u041d\u0435\u0437\u0430\u0432\u0438\u0441\u0438\u043c\u043e \u043e\u0442 [&hellip;]<\/p>\n","protected":false},"author":1,"featured_media":0,"parent":0,"menu_order":0,"comment_status":"open","ping_status":"closed","template":"","meta":{"_et_pb_use_builder":"on","_et_pb_old_content":"<p>[wds id=\"11\"]<\/p><h3>Eleganta klasika<\/h3><p>Romie\u0161u aizkari savieno vislab\u0101ko no \u017eal\u016bzij\u0101m un aizkariem. Izsmalcin\u0101ti audumi un \u0113rts pacel\u0161anas meh\u0101nisms padara romie\u0161u \u017eal\u016bzijas popul\u0101ras.<\/p><div style=\"float: left; width: 55%;\"><h3>Priek\u0161roc\u012bbas<\/h3><p>Palaist\u0101 veida audums neaiz\u0146em daudz vietasMeh\u0101nismu var piestiprin\u0101t pie loga, sienas vai griestiem, kompakti stiprin\u0101jumi \u013cauj tos pieskr\u016bv\u0113t bez atstarp\u0113m.Izsmalcin\u0101ti it\u0101\u013cu audumi padar\u012bs j\u016bsu telpu maj\u012bg\u0101ku un grezn\u0101ku.Zviedru meh\u0101nisms kalpos ilgus gadus.<\/p><\/div><div style=\"float: left; width: 45%; margin-bottom: 10px; margin-top: 15px;\"><img src=\"https:\/\/zaluziliepaja.lv\/wp-content\/uploads\/2015\/03\/5112850-300x142.jpg\" width=\"300\" height=\"142\" \/><\/div><h3>Romie\u0161u aizkaru veidi:<\/h3><p>Neskaitot visiem paz\u012bstamos romie\u0161u aizkarus ir ar\u012b popul\u0101rie fran\u010du aizkari. Agr\u0101k tos \u0161uva no caursp\u012bd\u012bgiem viegliem audumiem, tagad ar\u012b no biez\u0101kiem. Fran\u010du aizkariem nav ribu, tie skaisti sakrokojas, tas piedod kuplumu un apjomu. Palaista\u0101 veid\u0101 audums ir ar\u012b sa\u0161\u016bts krok\u0101s, \u0161is ir \u013coti grezns aizkaru veids, kas labi der klasiskiem interjeriem.<\/p><p>Austrie\u0161u aizkari - tas ir vid\u0113jais variants starp romie\u0161u un fran\u010du aizkariem. Palaist\u0101 veid\u0101 audums ir ber krok\u0101m, t\u0101s ir tikai apak\u0161\u0101, pace\u013cot aizkarus, izveidojas vair\u0101k kroku. Tie izskat\u0101s maz\u0101k grezni nek\u0101 fran\u010du aizkari, rada maj\u012bguma efektu.<\/p><p>Pied\u0101v\u0101jam sa\u0161\u016bt ar\u012b romie\u0161u aizkarus ar falt\u0113m. Pat atvert\u0101 veid\u0101 tie ir ar ieloc\u0113m, kas veido savdab\u012bgu trepi.<\/p><h3>Uzman\u012bbu!<\/h3><p>Lai romie\u0161u aizkari netrauc\u0113tu loga atv\u0113r\u0161anai, nepiecie\u0161ams stiprin\u0101t tos virs loga ailes (pacelt\u0101 veid\u0101 tie aiz\u0146em ap 20-25 cm). Fran\u010du aizkari aiz\u0146em ap 50-60 cm virs loga.<br \/><br \/><br \/>\u017dal\u016bzijas Liep\u0101j\u0101.<\/p>","_et_gb_content_width":""},"aioseo_notices":[],"_links":{"self":[{"href":"https:\/\/zaluziliepaja.lv\/ru\/wp-json\/wp\/v2\/pages\/988"}],"collection":[{"href":"https:\/\/zaluziliepaja.lv\/ru\/wp-json\/wp\/v2\/pages"}],"about":[{"href":"https:\/\/zaluziliepaja.lv\/ru\/wp-json\/wp\/v2\/types\/page"}],"author":[{"embeddable":true,"href":"https:\/\/zaluziliepaja.lv\/ru\/wp-json\/wp\/v2\/users\/1"}],"replies":[{"embeddable":true,"href":"https:\/\/zaluziliepaja.lv\/ru\/wp-json\/wp\/v2\/comments?post=988"}],"version-history":[{"count":7,"href":"https:\/\/zaluziliepaja.lv\/ru\/wp-json\/wp\/v2\/pages\/988\/revisions"}],"predecessor-version":[{"id":1531,"href":"https:\/\/zaluziliepaja.lv\/ru\/wp-json\/wp\/v2\/pages\/988\/revisions\/1531"}],"wp:attachment":[{"href":"https:\/\/zaluziliepaja.lv\/ru\/wp-json\/wp\/v2\/media?parent=988"}],"curies":[{"name":"wp","href":"https:\/\/api.w.org\/{rel}","templated":true}]}}