{"id":992,"date":"2015-03-22T05:24:21","date_gmt":"2015-03-22T02:24:21","guid":{"rendered":"http:\/\/zaluziliepaja.lv\/%d0%b7%d0%b0%d1%89%d0%b8%d1%82%d0%bd%d1%8b%d0%b5-%d0%b6%d0%b0%d0%bb%d1%8e%d0%b7%d0%b8\/"},"modified":"2020-09-10T14:20:44","modified_gmt":"2020-09-10T11:20:44","slug":"aizsargzaluzijas","status":"publish","type":"page","link":"https:\/\/zaluziliepaja.lv\/ru\/aizsargzaluzijas\/","title":{"rendered":"\u0417\u0430\u0449\u0438\u0442\u043d\u044b\u0435 \u0436\u0430\u043b\u044e\u0437\u0438"},"content":{"rendered":"<p>[et_pb_section fb_built=&#8221;1&#8243; fullwidth=&#8221;on&#8221; _builder_version=&#8221;3.22&#8243;][et_pb_fullwidth_slider _builder_version=&#8221;3.16&#8243; auto=&#8221;on&#8221; auto_speed=&#8221;5000&#8243; button_text_size__hover_enabled=&#8221;off&#8221; button_one_text_size__hover_enabled=&#8221;off&#8221; button_two_text_size__hover_enabled=&#8221;off&#8221; button_text_color__hover_enabled=&#8221;off&#8221; button_one_text_color__hover_enabled=&#8221;off&#8221; button_two_text_color__hover_enabled=&#8221;off&#8221; button_border_width__hover_enabled=&#8221;off&#8221; button_one_border_width__hover_enabled=&#8221;off&#8221; button_two_border_width__hover_enabled=&#8221;off&#8221; button_border_color__hover_enabled=&#8221;off&#8221; button_one_border_color__hover_enabled=&#8221;off&#8221; button_two_border_color__hover_enabled=&#8221;off&#8221; button_border_radius__hover_enabled=&#8221;off&#8221; button_one_border_radius__hover_enabled=&#8221;off&#8221; button_two_border_radius__hover_enabled=&#8221;off&#8221; button_letter_spacing__hover_enabled=&#8221;off&#8221; button_one_letter_spacing__hover_enabled=&#8221;off&#8221; button_two_letter_spacing__hover_enabled=&#8221;off&#8221; button_bg_color__hover_enabled=&#8221;off&#8221; button_one_bg_color__hover_enabled=&#8221;off&#8221; button_two_bg_color__hover_enabled=&#8221;off&#8221;][et_pb_slide use_bg_overlay=&#8221;off&#8221; use_text_overlay=&#8221;off&#8221; _builder_version=&#8221;3.16&#8243; background_image=&#8221;https:\/\/zaluziliepaja.lv\/wp-content\/uploads\/2018\/06\/Roller-shutters20-e1528676762578.jpg&#8221; parallax=&#8221;on&#8221; button_on_hover=&#8221;on&#8221; sticky_transition=&#8221;on&#8221; button_text_size__hover_enabled=&#8221;off&#8221; button_one_text_size__hover_enabled=&#8221;off&#8221; button_two_text_size__hover_enabled=&#8221;off&#8221; button_text_color__hover_enabled=&#8221;off&#8221; button_one_text_color__hover_enabled=&#8221;off&#8221; button_two_text_color__hover_enabled=&#8221;off&#8221; button_border_width__hover_enabled=&#8221;off&#8221; button_one_border_width__hover_enabled=&#8221;off&#8221; button_two_border_width__hover_enabled=&#8221;off&#8221; button_border_color__hover_enabled=&#8221;off&#8221; button_one_border_color__hover_enabled=&#8221;off&#8221; button_two_border_color__hover_enabled=&#8221;off&#8221; button_border_radius__hover_enabled=&#8221;off&#8221; button_one_border_radius__hover_enabled=&#8221;off&#8221; button_two_border_radius__hover_enabled=&#8221;off&#8221; button_letter_spacing__hover_enabled=&#8221;off&#8221; button_one_letter_spacing__hover_enabled=&#8221;off&#8221; button_two_letter_spacing__hover_enabled=&#8221;off&#8221; button_bg_color__hover_enabled=&#8221;off&#8221; button_one_bg_color__hover_enabled=&#8221;off&#8221; button_two_bg_color__hover_enabled=&#8221;off&#8221;][\/et_pb_slide][et_pb_slide use_bg_overlay=&#8221;off&#8221; use_text_overlay=&#8221;off&#8221; _builder_version=&#8221;3.16&#8243; background_image=&#8221;https:\/\/zaluziliepaja.lv\/wp-content\/uploads\/2018\/06\/Roller-shutters19-e1528676860796.jpg&#8221; parallax=&#8221;on&#8221; button_on_hover=&#8221;on&#8221; sticky_transition=&#8221;on&#8221; button_text_size__hover_enabled=&#8221;off&#8221; button_one_text_size__hover_enabled=&#8221;off&#8221; button_two_text_size__hover_enabled=&#8221;off&#8221; button_text_color__hover_enabled=&#8221;off&#8221; button_one_text_color__hover_enabled=&#8221;off&#8221; button_two_text_color__hover_enabled=&#8221;off&#8221; button_border_width__hover_enabled=&#8221;off&#8221; button_one_border_width__hover_enabled=&#8221;off&#8221; button_two_border_width__hover_enabled=&#8221;off&#8221; button_border_color__hover_enabled=&#8221;off&#8221; button_one_border_color__hover_enabled=&#8221;off&#8221; button_two_border_color__hover_enabled=&#8221;off&#8221; button_border_radius__hover_enabled=&#8221;off&#8221; button_one_border_radius__hover_enabled=&#8221;off&#8221; button_two_border_radius__hover_enabled=&#8221;off&#8221; button_letter_spacing__hover_enabled=&#8221;off&#8221; button_one_letter_spacing__hover_enabled=&#8221;off&#8221; button_two_letter_spacing__hover_enabled=&#8221;off&#8221; button_bg_color__hover_enabled=&#8221;off&#8221; button_one_bg_color__hover_enabled=&#8221;off&#8221; button_two_bg_color__hover_enabled=&#8221;off&#8221;][\/et_pb_slide][\/et_pb_fullwidth_slider][\/et_pb_section][et_pb_section fb_built=&#8221;1&#8243; _builder_version=&#8221;3.22&#8243;][et_pb_row _builder_version=&#8221;3.25&#8243; background_size=&#8221;initial&#8221; background_position=&#8221;top_left&#8221; background_repeat=&#8221;repeat&#8221; column_structure=&#8221;1_2,1_2&#8243;][et_pb_column type=&#8221;1_2&#8243; _builder_version=&#8221;3.25&#8243; custom_padding=&#8221;|||&#8221; custom_padding__hover=&#8221;|||&#8221;][et_pb_post_title meta=&#8221;off&#8221; featured_image=&#8221;off&#8221; _builder_version=&#8221;3.5&#8243;][\/et_pb_post_title][et_pb_text _builder_version=&#8221;3.27.4&#8243;]<\/p>\n<h3 style=\"text-align: justify;\">\u0420\u043e\u043b\u044c\u0441\u0442\u0430\u0432\u043d\u0438 &#8211; \u043d\u0435 \u0442\u043e\u043b\u044c\u043a\u043e \u0437\u0430\u0449\u0438\u0442\u0430 \u043e\u0442 \u0432\u0437\u043b\u043e\u043c\u0430<\/h3>\n<p style=\"text-align: justify;\">\u0417\u0430\u0449\u0438\u0442\u043d\u044b\u0435 \u0436\u0430\u043b\u044e\u0437\u0438 \u0438\u043c\u0435\u044e\u0442 \u0448\u0438\u0440\u043e\u043a\u0443\u044e \u043e\u0431\u043b\u0430\u0441\u0442\u044c \u043f\u0440\u0438\u043c\u0435\u043d\u0435\u043d\u0438\u044f. \u0418\u0445 \u043c\u043e\u0436\u043d\u043e \u0443\u0441\u0442\u0430\u043d\u043e\u0432\u0438\u0442\u044c \u043d\u0430 \u043e\u043a\u043d\u0430, \u0432\u0438\u0442\u0440\u0438\u043d\u044b \u0438 \u0434\u0432\u0435\u0440\u0438 \u0434\u043b\u044f \u0437\u0430\u0449\u0438\u0442\u044b \u043e\u0442 \u0432\u0437\u043b\u043e\u043c\u0430 (\u0432\u043c\u0435\u0441\u0442\u043e \u0438\u043b\u0438 \u0432 \u043f\u0430\u0440\u0435 \u0441 \u0441\u0438\u0433\u043d\u0430\u043b\u0438\u0437\u0430\u0446\u0438\u0435\u0439), \u043a\u0430\u043a \u043f\u0435\u0440\u0435\u0433\u043e\u0440\u043e\u0434\u043a\u0443 \u043c\u0435\u0436\u0434\u0443 \u043f\u043e\u043c\u0435\u0449\u0435\u043d\u0438\u044f\u043c\u0438. \u041a\u0440\u043e\u043c\u0435 \u0437\u0430\u0449\u0438\u0442\u043d\u043e\u0439 \u0444\u0443\u043d\u043a\u0446\u0438\u0438 \u043e\u043d\u0438 \u0432\u044b\u043f\u043e\u043b\u043d\u044f\u044e\u0442 \u0442\u0435\u043f\u043b\u043e- \u0438 \u0448\u0443\u043c\u043e\u0438\u0437\u043e\u043b\u044f\u0446\u0438\u043e\u043d\u043d\u0443\u044e. \u0412 \u0431\u043e\u043b\u044c\u0448\u0438\u043d\u0441\u0442\u0432\u0435 \u044e\u0436\u043d\u044b\u0445 \u0441\u0442\u0440\u0430\u043d \u043e\u043d\u0438 \u043f\u043e\u0432\u0441\u0435\u043c\u0435\u0441\u0442\u043d\u043e \u0443\u0441\u0442\u0430\u043d\u0430\u0432\u043b\u0438\u0432\u0430\u044e\u0442\u0441\u044f \u043a\u0430\u043a \u0437\u0430\u0449\u0438\u0442\u0430 \u043e\u0442 \u0441\u043e\u043b\u043d\u0446\u0430, \u043d\u0443 \u0430 \u0432 \u041b\u0430\u0442\u0432\u0438\u0438 \u0431\u0443\u0434\u0443\u0442 \u0430\u043a\u0442\u0443\u0430\u043b\u044c\u043d\u044b \u043d\u0435 \u0442\u043e\u043b\u044c\u043a\u043e \u043b\u0435\u0442\u043e\u043c, \u043d\u043e \u0438 \u0437\u0438\u043c\u043e\u0439,\u043f\u043e\u043c\u043e\u0433\u0430\u044f \u0441\u0431\u0435\u0440\u0435\u0447\u044c \u0442\u0435\u043f\u043b\u043e \u0438 \u0443\u043c\u0435\u043d\u044c\u0448\u0438\u0442\u044c \u0437\u0430\u0442\u0440\u0430\u0442\u044b \u043d\u0430 \u043e\u0442\u043e\u043f\u043b\u0435\u043d\u0438\u0435.<\/p>\n<h3><\/h3>\n<h3>\u0422\u0435\u0445\u043d\u0438\u0447\u0435\u0441\u043a\u0438\u0435 \u043e\u0441\u043e\u0431\u0435\u043d\u043d\u043e\u0441\u0442\u0438<\/h3>\n<p style=\"text-align: justify;\">\u0417\u0430\u0449\u0438\u0442\u043d\u044b\u0435 \u0436\u0430\u043b\u044e\u0437\u0438 \u0438\u0437\u0433\u043e\u0442\u0430\u0432\u043b\u0438\u0432\u0430\u044e\u0442\u0441\u044f \u0438\u0437 \u043f\u0440\u043e\u0444\u0438\u043b\u044f \u0440\u0430\u0437\u043d\u043e\u0433\u043e \u0443\u0440\u043e\u0432\u043d\u044f \u043f\u0440\u043e\u0447\u043d\u043e\u0441\u0442\u0438, \u0432\u043f\u043b\u043e\u0442\u044c \u0434\u043e \u0431\u0440\u043e\u043d\u0438\u0440\u043e\u0432\u0430\u043d\u043d\u044b\u0445. \u0412 \u043d\u0430\u043b\u0438\u0447\u0438\u0438 \u0440\u0430\u0437\u043d\u044b\u0435 \u0446\u0432\u0435\u0442\u0430, \u043d\u0430\u043f\u0440\u0438\u043c\u0435\u0440, \u0431\u0435\u043b\u044b\u0439, \u0441\u0435\u0440\u044b\u0439, \u043a\u043e\u0440\u0438\u0447\u043d\u0435\u0432\u044b\u0439, \u0431\u0435\u0436\u0435\u0432\u044b\u0439, \u043c\u0435\u0442\u0430\u043b\u043b\u0438\u043a, \u0430\u043d\u0442\u0440\u0430\u0446\u0438\u0442, \u0434\u043e\u0441\u0442\u0443\u043f\u043d\u0430 \u043f\u043e\u043a\u0440\u0430\u0441\u043a\u0430 \u0432 \u043b\u044e\u0431\u043e\u0439 \u0446\u0432\u0435\u0442 \u043f\u043e RAL-\u043a\u0430\u0442\u0430\u043b\u043e\u0433\u0443, \u0447\u0442\u043e \u043f\u043e\u0437\u0432\u043e\u043b\u0438\u0442 \u043f\u043e\u0434\u043e\u0431\u0440\u0430\u0442\u044c \u0436\u0430\u043b\u044e\u0437\u0438 \u043d\u0430 \u043b\u044e\u0431\u043e\u0439 \u0444\u0430\u0441\u0430\u0434 \u0434\u043e\u043c\u0430.\u0423\u043f\u0440\u0430\u0432\u043b\u0435\u043d\u0438\u0435 \u0436\u0430\u043b\u044e\u0437\u0438 \u043f\u0440\u043e\u0438\u0441\u0445\u043e\u0434\u0438\u0442 \u0432\u0440\u0443\u0447\u043d\u0443\u044e \u0438\u043b\u0438 \u0441 \u043f\u043e\u043c\u043e\u0449\u044c\u044e \u043c\u043e\u0442\u043e\u0440\u0430 (\u043f\u0440\u0435\u0434\u043b\u0430\u0433\u0430\u0435\u043c \u043d\u0435\u043c\u0435\u0446\u043a\u0438\u0435 \u043c\u043e\u0442\u043e\u0440\u044b ASSA, \u0444\u0440\u0430\u043d\u0446\u0443\u0437\u0441\u043a\u0438\u0435 Somfy).<\/p>\n<div style=\"float: left; margin-top: 10px; width: 55%;\">\n<h3 style=\"text-align: justify;\"><\/h3>\n<p style=\"text-align: justify;\">\n<\/div>\n<p>[\/et_pb_text][\/et_pb_column][et_pb_column type=&#8221;1_2&#8243; _builder_version=&#8221;3.25&#8243; custom_padding=&#8221;|||&#8221; custom_padding__hover=&#8221;|||&#8221;][et_pb_image src=&#8221;https:\/\/zaluziliepaja.lv\/wp-content\/uploads\/2015\/03\/P6100090.jpg&#8221; align_tablet=&#8221;center&#8221; align_last_edited=&#8221;on|desktop&#8221; _builder_version=&#8221;3.23&#8243;][\/et_pb_image][\/et_pb_column][\/et_pb_row][\/et_pb_section]<\/p>\n","protected":false},"excerpt":{"rendered":"<p>\u0420\u043e\u043b\u044c\u0441\u0442\u0430\u0432\u043d\u0438 &#8211; \u043d\u0435 \u0442\u043e\u043b\u044c\u043a\u043e \u0437\u0430\u0449\u0438\u0442\u0430 \u043e\u0442 \u0432\u0437\u043b\u043e\u043c\u0430 \u0417\u0430\u0449\u0438\u0442\u043d\u044b\u0435 \u0436\u0430\u043b\u044e\u0437\u0438 \u0438\u043c\u0435\u044e\u0442 \u0448\u0438\u0440\u043e\u043a\u0443\u044e \u043e\u0431\u043b\u0430\u0441\u0442\u044c \u043f\u0440\u0438\u043c\u0435\u043d\u0435\u043d\u0438\u044f. \u0418\u0445 \u043c\u043e\u0436\u043d\u043e \u0443\u0441\u0442\u0430\u043d\u043e\u0432\u0438\u0442\u044c \u043d\u0430 \u043e\u043a\u043d\u0430, \u0432\u0438\u0442\u0440\u0438\u043d\u044b \u0438 \u0434\u0432\u0435\u0440\u0438 \u0434\u043b\u044f \u0437\u0430\u0449\u0438\u0442\u044b \u043e\u0442 \u0432\u0437\u043b\u043e\u043c\u0430 (\u0432\u043c\u0435\u0441\u0442\u043e \u0438\u043b\u0438 \u0432 \u043f\u0430\u0440\u0435 \u0441 \u0441\u0438\u0433\u043d\u0430\u043b\u0438\u0437\u0430\u0446\u0438\u0435\u0439), \u043a\u0430\u043a \u043f\u0435\u0440\u0435\u0433\u043e\u0440\u043e\u0434\u043a\u0443 \u043c\u0435\u0436\u0434\u0443 \u043f\u043e\u043c\u0435\u0449\u0435\u043d\u0438\u044f\u043c\u0438. \u041a\u0440\u043e\u043c\u0435 \u0437\u0430\u0449\u0438\u0442\u043d\u043e\u0439 \u0444\u0443\u043d\u043a\u0446\u0438\u0438 \u043e\u043d\u0438 \u0432\u044b\u043f\u043e\u043b\u043d\u044f\u044e\u0442 \u0442\u0435\u043f\u043b\u043e- \u0438 \u0448\u0443\u043c\u043e\u0438\u0437\u043e\u043b\u044f\u0446\u0438\u043e\u043d\u043d\u0443\u044e. \u0412 \u0431\u043e\u043b\u044c\u0448\u0438\u043d\u0441\u0442\u0432\u0435 \u044e\u0436\u043d\u044b\u0445 \u0441\u0442\u0440\u0430\u043d \u043e\u043d\u0438 \u043f\u043e\u0432\u0441\u0435\u043c\u0435\u0441\u0442\u043d\u043e \u0443\u0441\u0442\u0430\u043d\u0430\u0432\u043b\u0438\u0432\u0430\u044e\u0442\u0441\u044f \u043a\u0430\u043a \u0437\u0430\u0449\u0438\u0442\u0430 \u043e\u0442 \u0441\u043e\u043b\u043d\u0446\u0430, \u043d\u0443 [&hellip;]<\/p>\n","protected":false},"author":1,"featured_media":0,"parent":0,"menu_order":0,"comment_status":"closed","ping_status":"closed","template":"","meta":{"_et_pb_use_builder":"on","_et_pb_old_content":"<p>[wds id=\"13\"]<\/p><h3>Aizsarg\u017eal\u016bzijas - t\u0101 ir ne tikai aizsardz\u012bba pret ielau\u0161anos<\/h3><p>Aizsarg\u017eal\u016bzij\u0101m ir pla\u0161as pielietojuma iesp\u0113jas. T\u0101s var uzst\u0101d\u012bt uz logiem, vitr\u012bn\u0101m, durv\u012bm k\u0101 aizsardz\u012bbu pret ielau\u0161anos (signaliz\u0101cijas viet\u0101 vai kop\u0101 ar to), k\u0101 ar\u012b sadal\u012bt telpas ar to pal\u012bdz\u012bbu. T\u0101s ar\u012b pilda siltuma un ska\u0146as izol\u0101cijas funkcijas. Liel\u0101kaj\u0101 da\u013c\u0101 silto valstu t\u0101s uzst\u0101da k\u0101 aizsardz\u012bbu no saules, bet Latvij\u0101 t\u0101s b\u016bs aktu\u0101l\u0101s ne tikai vasar\u0101, bet ar\u012b ziem\u0101, pal\u012bdzot taup\u012bt siltumu un samazinot apkures izmaksas.<\/p><div style=\"float: left; margin-top: 10px; width: 55%;\"><h3>Tehnisk\u0101s \u012bpa\u0161\u012bbas<\/h3><p>Aizsarg\u017eal\u016bzijas tiek izgatavotas no da\u017e\u0101das iztur\u012bbas profila (ieskaitot bru\u0146ota) materi\u0101la.Sortiment\u0101 da\u017e\u0101das profilu kr\u0101sas (balt\u0101, b\u0113\u0161\u012bga, tum\u0161i br\u016bn\u0101, pel\u0113k\u0101, met\u0101lisk\u0101, antrac\u012bta, k\u0101 ar\u012b pieejama kr\u0101so\u0161ana p\u0113c RAL-kataloga jebkur\u0101 kr\u0101s\u0101).\u017dal\u016bziju vad\u012bba var b\u016bt meh\u0101niska (roku vad\u012bba) vai elektriska (ar motoru). Pied\u0101v\u0101jam v\u0101cu motorus ASSA, fran\u010du Somfy.<\/p><p><br \/><br \/>\u017dal\u016bzijas Liep\u0101j\u0101.<\/p><\/div><div style=\"float: left; margin-top: 10px; width: 45%;\"><img style=\"margin-left: 3px;\" src=\"https:\/\/zaluziliepaja.lv\/wp-content\/uploads\/2015\/03\/P6100090-300x225.jpg\" width=\"300\" height=\"225\" \/><\/div>","_et_gb_content_width":""},"aioseo_notices":[],"_links":{"self":[{"href":"https:\/\/zaluziliepaja.lv\/ru\/wp-json\/wp\/v2\/pages\/992"}],"collection":[{"href":"https:\/\/zaluziliepaja.lv\/ru\/wp-json\/wp\/v2\/pages"}],"about":[{"href":"https:\/\/zaluziliepaja.lv\/ru\/wp-json\/wp\/v2\/types\/page"}],"author":[{"embeddable":true,"href":"https:\/\/zaluziliepaja.lv\/ru\/wp-json\/wp\/v2\/users\/1"}],"replies":[{"embeddable":true,"href":"https:\/\/zaluziliepaja.lv\/ru\/wp-json\/wp\/v2\/comments?post=992"}],"version-history":[{"count":5,"href":"https:\/\/zaluziliepaja.lv\/ru\/wp-json\/wp\/v2\/pages\/992\/revisions"}],"predecessor-version":[{"id":2119,"href":"https:\/\/zaluziliepaja.lv\/ru\/wp-json\/wp\/v2\/pages\/992\/revisions\/2119"}],"wp:attachment":[{"href":"https:\/\/zaluziliepaja.lv\/ru\/wp-json\/wp\/v2\/media?parent=992"}],"curies":[{"name":"wp","href":"https:\/\/api.w.org\/{rel}","templated":true}]}}