{"id":994,"date":"2015-03-23T00:53:04","date_gmt":"2015-03-22T21:53:04","guid":{"rendered":"http:\/\/zaluziliepaja.lv\/%d0%ba%d0%be%d0%bd%d1%82%d0%b0%d0%ba%d1%82%d1%8b\/"},"modified":"2020-09-15T18:16:03","modified_gmt":"2020-09-15T15:16:03","slug":"kontakti","status":"publish","type":"page","link":"https:\/\/zaluziliepaja.lv\/ru\/kontakti\/","title":{"rendered":"\u041a\u043e\u043d\u0442\u0430\u043a\u0442\u044b"},"content":{"rendered":"<p>[et_pb_section fb_built=&#8221;1&#8243; fullwidth=&#8221;on&#8221; _builder_version=&#8221;3.22&#8243;][et_pb_fullwidth_code _builder_version=&#8221;4.6.0&#8243; hover_enabled=&#8221;0&#8243; sticky_enabled=&#8221;0&#8243;]<iframe loading=\"lazy\" src=\"https:\/\/www.google.com\/maps\/embed?pb=!1m18!1m12!1m3!1d2201.0169087014497!2d21.010198616513055!3d56.519137280765236!2m3!1f0!2f0!3f0!3m2!1i1024!2i768!4f13.1!3m3!1m2!1s0x46faa7eb4fe6ce37%3A0x3fabcde01fc13335!2sZaluziliepaja.lv!5e0!3m2!1sen!2slv!4v1600182852117!5m2!1sen!2slv\" width=\"100%\" height=\"250\" frameborder=\"0\" style=\"border:0; border-radius:10px;\"><\/iframe><!-- [et_pb_line_break_holder] --><!-- [et_pb_line_break_holder] -->[\/et_pb_fullwidth_code][\/et_pb_section][et_pb_section fb_built=&#8221;1&#8243; _builder_version=&#8221;3.22&#8243;][et_pb_row _builder_version=&#8221;3.25&#8243;][et_pb_column type=&#8221;4_4&#8243; _builder_version=&#8221;3.25&#8243; custom_padding=&#8221;|||&#8221; custom_padding__hover=&#8221;|||&#8221;][et_pb_post_title meta=&#8221;off&#8221; featured_image=&#8221;off&#8221; _builder_version=&#8221;3.5&#8243;]&nbsp;<br \/>\n[\/et_pb_post_title][\/et_pb_column][\/et_pb_row][et_pb_row column_structure=&#8221;1_2,1_2&#8243; _builder_version=&#8221;3.25&#8243; background_size=&#8221;initial&#8221; background_position=&#8221;top_left&#8221; background_repeat=&#8221;repeat&#8221;][et_pb_column type=&#8221;1_2&#8243; _builder_version=&#8221;3.25&#8243; custom_padding=&#8221;|||&#8221; custom_padding__hover=&#8221;|||&#8221;][et_pb_text _builder_version=&#8221;3.27.4&#8243;]<\/p>\n<h4>\u041d\u0438\u043a\u043e\u043b\u0430\u0439 \u041d\u0435\u043a\u0440\u0430\u0448\u0435\u0432\u0438\u0447<\/h4>\n<p><b><a href=\"tel:+37126177759\">+371 26177759<br \/><\/a><a href=\"mailto:info@zaluziliepaja.lv\">i<\/a><\/b><a href=\"mailto:info@zaluziliepaja.lv\"><span style=\"font-size: 14px;\"><\/span>nfo@zaluziliepaja.lv<\/a><\/p>\n<p>&nbsp;<\/p>\n<p>&nbsp;<\/p>\n<p>[\/et_pb_text][\/et_pb_column][et_pb_column type=&#8221;1_2&#8243; _builder_version=&#8221;3.25&#8243; custom_padding=&#8221;|||&#8221; custom_padding__hover=&#8221;|||&#8221;][et_pb_text _builder_version=&#8221;3.27.4&#8243;]<\/p>\n<h4>\u0420\u0435\u043a\u0432\u0438\u0437\u0438\u0442\u044b:<\/h4>\n<p>SIA Koldak<br \/> LV-52103060351<br \/> Tirgus iela 35, Liep\u0101ja<br \/> AS Swedbank<br \/> HABALV22<br \/> LV16HABA0551033232608<\/p>\n<p>[\/et_pb_text][\/et_pb_column][\/et_pb_row][\/et_pb_section]<\/p>\n","protected":false},"excerpt":{"rendered":"<p>&nbsp; \u041d\u0438\u043a\u043e\u043b\u0430\u0439 \u041d\u0435\u043a\u0440\u0430\u0448\u0435\u0432\u0438\u0447 +371 26177759info@zaluziliepaja.lv &nbsp; &nbsp;\u0420\u0435\u043a\u0432\u0438\u0437\u0438\u0442\u044b: SIA Koldak LV-52103060351 Tirgus iela 35, Liep\u0101ja AS Swedbank HABALV22 LV16HABA0551033232608<\/p>\n","protected":false},"author":1,"featured_media":0,"parent":0,"menu_order":0,"comment_status":"open","ping_status":"closed","template":"","meta":{"_et_pb_use_builder":"on","_et_pb_old_content":"<p><iframe style=\"border: 0; border-radius: 10px;\" src=\"https:\/\/www.google.com\/maps\/embed?pb=!1m12!1m8!1m3!1d1100.3701950657596!2d21.00534294232837!3d56.52389807393676!3m2!1i1024!2i768!4f13.1!2m1!1sflotes+iela+16+liepaja!5e0!3m2!1sen!2slv!4v1427406692794\" width=\"655\" height=\"250\" frameborder=\"0\"><\/iframe><\/p><div style=\"width: 60%; float: left;\">[contact-form-7 id=\"131\" title=\"Sazinieties ar mums\"]<\/div><div style=\"width: 40%; float: left; text-align: right;\"><p><b>\u00a0<\/b><\/p><h4>Nikolajs \u0145ekra\u0161evi\u010ds (Liep\u0101ja)<\/h4><p><b>+371 26177759<\/b><\/p><h4>Gints Petersons (R\u012bga)<\/h4><p><b>+371\u00a025728728<\/b><br \/>info@zaluziliepaja.lv<\/p><p><b>\u00a0<\/b><\/p><h4>Rekviz\u012bti:<\/h4><p>SIA Koldak<br \/>LV-52103060351<br \/>Flotes iela 16, Liep\u0101ja<br \/>AS Swedbank<br \/>HABALV22<br \/>LV16HABA0551033232608<\/p><\/div>","_et_gb_content_width":""},"aioseo_notices":[],"_links":{"self":[{"href":"https:\/\/zaluziliepaja.lv\/ru\/wp-json\/wp\/v2\/pages\/994"}],"collection":[{"href":"https:\/\/zaluziliepaja.lv\/ru\/wp-json\/wp\/v2\/pages"}],"about":[{"href":"https:\/\/zaluziliepaja.lv\/ru\/wp-json\/wp\/v2\/types\/page"}],"author":[{"embeddable":true,"href":"https:\/\/zaluziliepaja.lv\/ru\/wp-json\/wp\/v2\/users\/1"}],"replies":[{"embeddable":true,"href":"https:\/\/zaluziliepaja.lv\/ru\/wp-json\/wp\/v2\/comments?post=994"}],"version-history":[{"count":9,"href":"https:\/\/zaluziliepaja.lv\/ru\/wp-json\/wp\/v2\/pages\/994\/revisions"}],"predecessor-version":[{"id":2280,"href":"https:\/\/zaluziliepaja.lv\/ru\/wp-json\/wp\/v2\/pages\/994\/revisions\/2280"}],"wp:attachment":[{"href":"https:\/\/zaluziliepaja.lv\/ru\/wp-json\/wp\/v2\/media?parent=994"}],"curies":[{"name":"wp","href":"https:\/\/api.w.org\/{rel}","templated":true}]}}