{"id":998,"date":"2015-04-02T20:15:23","date_gmt":"2015-04-02T17:15:23","guid":{"rendered":"http:\/\/zaluziliepaja.lv\/%d0%b4%d0%b5%d1%80%d0%b5%d0%b2%d1%8f%d0%bd%d0%bd%d1%8b%d0%b5-%d0%b6%d0%b0%d0%bb%d1%8e%d0%b7%d0%b8\/"},"modified":"2020-09-10T14:20:27","modified_gmt":"2020-09-10T11:20:27","slug":"koka-zaluzijas","status":"publish","type":"page","link":"https:\/\/zaluziliepaja.lv\/ru\/koka-zaluzijas\/","title":{"rendered":"\u0414\u0435\u0440\u0435\u0432\u044f\u043d\u043d\u044b\u0435 \u0436\u0430\u043b\u044e\u0437\u0438"},"content":{"rendered":"<p>[et_pb_section fb_built=&#8221;1&#8243; fullwidth=&#8221;on&#8221; _builder_version=&#8221;3.0.47&#8243;][et_pb_fullwidth_slider _builder_version=&#8221;3.5&#8243; auto=&#8221;on&#8221; auto_speed=&#8221;5000&#8243;][et_pb_slide use_bg_overlay=&#8221;off&#8221; use_text_overlay=&#8221;off&#8221; _builder_version=&#8221;3.5&#8243; background_image=&#8221;https:\/\/zaluziliepaja.lv\/wp-content\/uploads\/2018\/06\/Wooden-venetian-blinds9-e1528674329765.jpg&#8221; parallax=&#8221;on&#8221; button_on_hover=&#8221;on&#8221;][\/et_pb_slide][et_pb_slide use_bg_overlay=&#8221;off&#8221; use_text_overlay=&#8221;off&#8221; _builder_version=&#8221;3.5&#8243; background_image=&#8221;https:\/\/zaluziliepaja.lv\/wp-content\/uploads\/2018\/06\/Wooden-venetian-blinds14.jpg&#8221; parallax=&#8221;on&#8221; button_on_hover=&#8221;on&#8221;][\/et_pb_slide][\/et_pb_fullwidth_slider][\/et_pb_section][et_pb_section fb_built=&#8221;1&#8243; _builder_version=&#8221;3.0.47&#8243;][et_pb_row _builder_version=&#8221;3.0.47&#8243; background_size=&#8221;initial&#8221; background_position=&#8221;top_left&#8221; background_repeat=&#8221;repeat&#8221;][et_pb_column type=&#8221;1_2&#8243; _builder_version=&#8221;3.0.47&#8243; parallax=&#8221;off&#8221; parallax_method=&#8221;on&#8221;][et_pb_post_title meta=&#8221;off&#8221; featured_image=&#8221;off&#8221; _builder_version=&#8221;3.5&#8243;][\/et_pb_post_title][et_pb_text _builder_version=&#8221;3.5&#8243;]<\/p>\n<p style=\"text-align: justify;\"><span lang=\"RU\">\u0414\u0435\u0440\u0435\u0432\u044f\u043d\u043d\u044b\u0435 \u0436\u0430\u043b\u044e\u0437\u0438 \u043f\u0440\u0438\u0432\u043d\u043e\u0441\u044f\u0442 \u0432 \u0438\u043d\u0442\u0435\u0440\u044c\u0435\u0440 \u043d\u043e\u0442\u043a\u0438 \u0443\u044e\u0442\u0430 \u0438 \u0442\u0435\u043f\u043b\u0430, \u043f\u0440\u0438\u0432\u043d\u043e\u0441\u044f \u043f\u0440\u0438\u0440\u043e\u0434\u043d\u0443\u044e \u0430\u0442\u043c\u043e\u0441\u0444\u0435\u0440\u0443<\/span><span lang=\"LV\">,\u00a0<\/span><span lang=\"RU\">\u0436\u0430\u043b\u044e\u0437\u0438 \u0438\u0437\u0433\u043e\u0442\u0430\u0432\u043b\u0438\u0432\u0430\u044e\u0442\u0441\u044f \u0438\u0437 \u0441\u043f\u0435\u0446\u0438\u0430\u043b\u044c\u043d\u044b\u0445 \u043f\u043e\u0440\u043e\u0434 \u0434\u0435\u0440\u0435\u0432\u0430 \u0438 \u0438\u043c\u0435\u044e\u0442 \u043b\u0430\u043c\u0435\u043b\u0438 \u0448\u0438\u0440\u0438\u043d\u043e\u0439 25 \u0438 50 \u043c\u043c. \u0412\u0441\u0435 \u043b\u0430\u043c\u0435\u043b\u0438 \u043f\u043e\u043a\u0440\u044b\u0432\u0430\u044e\u0442\u0441\u044f \u0441\u043b\u043e\u0435\u043c \u0437\u0430\u0449\u0438\u0442\u043d\u043e\u0433\u043e \u043b\u0430\u043a\u0430, \u043a\u043e\u0442\u043e\u0440\u044b\u0439 \u043f\u043e\u0437\u0432\u043e\u043b\u044f\u0435\u0442 \u0438\u0437\u0431\u0435\u0436\u0430\u0442\u044c \u0438\u0445 \u0432\u044b\u0433\u043e\u0440\u0430\u043d\u0438\u044f \u0438 \u0434\u0435\u0444\u043e\u0440\u043c\u0430\u0446\u0438\u0438. \u0422\u0430\u043a\u0438\u0435 \u0436\u0430\u043b\u044e\u0437\u0438 \u043f\u0440\u043e\u0441\u0442\u044b \u0432 \u0443\u0445\u043e\u0434\u0435, \u043d\u0430\u0434\u0435\u0436\u043d\u044b, \u0444\u0443\u043d\u043a\u0446\u0438\u043e\u043d\u0430\u043b\u044c\u043d\u044b, \u0438 \u043f\u043e\u0434\u043e\u0439\u0434\u0443\u0442 \u0434\u043b\u044f \u043e\u0444\u043e\u0440\u043c\u043b\u0435\u043d\u0438\u044f \u043a\u0430\u0431\u0438\u043d\u0435\u0442\u0430, \u043a\u0443\u0445\u043d\u0438, \u0433\u043e\u0441\u0442\u0438\u043d\u043e\u0439 \u0438\u043b\u0438 \u0441\u0442\u0443\u0434\u0438\u0438.\u00a0<\/span><span lang=\"RU\">\u0413\u043e\u0440\u0438\u0437\u043e\u043d\u0442\u0430\u043b\u044c\u043d\u044b\u0435 <\/span><span lang=\"LV\">\u0434\u0435\u0440\u0435\u0432\u044f\u043d\u043d\u044b\u0435\u00a0<\/span><span lang=\"RU\">\u0436\u0430\u043b\u044e\u0437\u0438 \u2013 \u044d\u0442\u043e \u043a\u043b\u0430\u0441\u0441\u0438\u043a\u0430, \u043f\u0440\u0438\u0432\u043d\u043e\u0441\u044f\u0449\u0430\u044f \u044d\u043b\u0435\u043c\u0435\u043d\u0442 \u0438\u0437\u044b\u0441\u043a\u0430\u043d\u043d\u043e\u0441\u0442\u0438 \u0438 \u0432\u044b\u0441\u043e\u043a\u043e\u0433\u043e \u0441\u0442\u0438\u043b\u044f \u0432 \u0430\u0431\u0441\u043e\u043b\u044e\u0442\u043d\u043e \u043b\u044e\u0431\u043e\u0439 \u0438\u043d\u0442\u0435\u0440\u044c\u0435\u0440.<span>\u00a0\u0423\u043d\u0438\u043a\u0430\u043b\u044c\u043d\u044b\u0435 \u0441\u0432\u043e\u0439\u0441\u0442\u0432\u0430 \u0431\u0430\u043c\u0431\u0443\u043a\u0430 \u0438<\/span><\/span><span lang=\"LV\">\u00a0\u0430\u043c\u0435\u0440\u0438\u043a\u0430\u043d\u0441\u043a\u043e\u0439\u00a0<\/span><span lang=\"RU\">\u043b\u0438\u043f\u044b \u0438 \u0438\u0445 \u0442\u0435\u043f\u043b\u044b\u0435 \u0435\u0441\u0442\u0435\u0441\u0442\u0432\u0435\u043d\u043d\u044b\u0435 \u0446\u0432\u0435\u0442\u0430 \u0434\u0435\u043b\u0430\u044e\u0442 \u0433\u043e\u0440\u0438\u0437\u043e\u043d\u0442\u0430\u043b\u044c\u043d\u044b\u0435 \u0436\u0430\u043b\u044e\u0437\u0438 \u043f\u0440\u0430\u043a\u0442\u0438\u0447\u043d\u043e\u0439 \u0438 \u043c\u043e\u0434\u043d\u043e\u0439 \u0434\u0435\u0442\u0430\u043b\u044c\u044e \u043b\u044e\u0431\u043e\u0433\u043e \u0438\u043d\u0442\u0435\u0440\u044c\u0435\u0440\u0430.\u00a0<\/span><span lang=\"RU\">\u041f\u0435\u0440\u0432\u043e\u043d\u0430\u0447\u0430\u043b\u044c\u043d\u044b\u0439 \u0432\u0438\u0434 \u0442\u0430\u043a\u0438\u0445 \u0438\u0437\u0434\u0435\u043b\u0438\u0439 \u0441\u043e\u0445\u0440\u0430\u043d\u044f\u0435\u0442\u0441\u044f \u0432 \u0442\u0435\u0447\u0435\u043d\u0438\u0435 \u0434\u043e\u043b\u0433\u043e\u0433\u043e \u0441\u0440\u043e\u043a\u0430 \u044d\u043a\u0441\u043f\u043b\u0443\u0430\u0442\u0430\u0446\u0438\u0438.\u00a0<\/span><span lang=\"RU\"><\/span><span lang=\"RU\">\u0414\u0435\u0440\u0435\u0432\u044f\u043d\u043d\u044b\u0435 \u0436\u0430\u043b\u044e\u0437\u0438 \u043e\u0431\u043b\u0430\u0434\u0430\u044e\u0442 \u043e\u0441\u043e\u0431\u0435\u043d\u043d\u043e\u0439 \u043b\u0435\u0433\u043a\u043e\u0441\u0442\u044c\u044e, \u0443\u0441\u0442\u043e\u0439\u0447\u0438\u0432\u043e\u0441\u0442\u044c\u044e \u043a \u0432\u043b\u0430\u0433\u0435 \u0438 \u0441\u043e\u043b\u043d\u0435\u0447\u043d\u044b\u043c \u043b\u0443\u0447\u0430\u043c.<\/span><\/p>\n<div style=\"float: left; width: 55%; text-align: justify;\">\n<p style=\"text-align: justify;\">\n<\/div>\n<p>[\/et_pb_text][\/et_pb_column][et_pb_column type=&#8221;1_2&#8243; _builder_version=&#8221;3.0.47&#8243; parallax=&#8221;off&#8221; parallax_method=&#8221;on&#8221;][et_pb_image src=&#8221;https:\/\/zaluziliepaja.lv\/wp-content\/uploads\/2018\/06\/Wooden-venetian-blinds15.jpg&#8221; _builder_version=&#8221;3.5&#8243;][\/et_pb_image][\/et_pb_column][\/et_pb_row][\/et_pb_section]<\/p>\n","protected":false},"excerpt":{"rendered":"<p>\u0414\u0435\u0440\u0435\u0432\u044f\u043d\u043d\u044b\u0435 \u0436\u0430\u043b\u044e\u0437\u0438 \u043f\u0440\u0438\u0432\u043d\u043e\u0441\u044f\u0442 \u0432 \u0438\u043d\u0442\u0435\u0440\u044c\u0435\u0440 \u043d\u043e\u0442\u043a\u0438 \u0443\u044e\u0442\u0430 \u0438 \u0442\u0435\u043f\u043b\u0430, \u043f\u0440\u0438\u0432\u043d\u043e\u0441\u044f \u043f\u0440\u0438\u0440\u043e\u0434\u043d\u0443\u044e \u0430\u0442\u043c\u043e\u0441\u0444\u0435\u0440\u0443,\u00a0\u0436\u0430\u043b\u044e\u0437\u0438 \u0438\u0437\u0433\u043e\u0442\u0430\u0432\u043b\u0438\u0432\u0430\u044e\u0442\u0441\u044f \u0438\u0437 \u0441\u043f\u0435\u0446\u0438\u0430\u043b\u044c\u043d\u044b\u0445 \u043f\u043e\u0440\u043e\u0434 \u0434\u0435\u0440\u0435\u0432\u0430 \u0438 \u0438\u043c\u0435\u044e\u0442 \u043b\u0430\u043c\u0435\u043b\u0438 \u0448\u0438\u0440\u0438\u043d\u043e\u0439 25 \u0438 50 \u043c\u043c. \u0412\u0441\u0435 \u043b\u0430\u043c\u0435\u043b\u0438 \u043f\u043e\u043a\u0440\u044b\u0432\u0430\u044e\u0442\u0441\u044f \u0441\u043b\u043e\u0435\u043c \u0437\u0430\u0449\u0438\u0442\u043d\u043e\u0433\u043e \u043b\u0430\u043a\u0430, \u043a\u043e\u0442\u043e\u0440\u044b\u0439 \u043f\u043e\u0437\u0432\u043e\u043b\u044f\u0435\u0442 \u0438\u0437\u0431\u0435\u0436\u0430\u0442\u044c \u0438\u0445 \u0432\u044b\u0433\u043e\u0440\u0430\u043d\u0438\u044f \u0438 \u0434\u0435\u0444\u043e\u0440\u043c\u0430\u0446\u0438\u0438. \u0422\u0430\u043a\u0438\u0435 \u0436\u0430\u043b\u044e\u0437\u0438 \u043f\u0440\u043e\u0441\u0442\u044b \u0432 \u0443\u0445\u043e\u0434\u0435, \u043d\u0430\u0434\u0435\u0436\u043d\u044b, \u0444\u0443\u043d\u043a\u0446\u0438\u043e\u043d\u0430\u043b\u044c\u043d\u044b, \u0438 \u043f\u043e\u0434\u043e\u0439\u0434\u0443\u0442 \u0434\u043b\u044f \u043e\u0444\u043e\u0440\u043c\u043b\u0435\u043d\u0438\u044f \u043a\u0430\u0431\u0438\u043d\u0435\u0442\u0430, \u043a\u0443\u0445\u043d\u0438, \u0433\u043e\u0441\u0442\u0438\u043d\u043e\u0439 \u0438\u043b\u0438 \u0441\u0442\u0443\u0434\u0438\u0438.\u00a0\u0413\u043e\u0440\u0438\u0437\u043e\u043d\u0442\u0430\u043b\u044c\u043d\u044b\u0435 \u0434\u0435\u0440\u0435\u0432\u044f\u043d\u043d\u044b\u0435\u00a0\u0436\u0430\u043b\u044e\u0437\u0438 [&hellip;]<\/p>\n","protected":false},"author":1,"featured_media":0,"parent":0,"menu_order":0,"comment_status":"open","ping_status":"closed","template":"","meta":{"_et_pb_use_builder":"on","_et_pb_old_content":"<p>[wds id=\"14\"]<\/p><h3>Grezn\u012bba un elegance interjer\u0101<\/h3><p>Horizont\u0101l\u0101s koka \u017eal\u016bzijas pied\u0101v\u0101 pla\u0161u izv\u0113li logu dekor\u0113\u0161anai. Izstr\u0101d\u0101jumi izgatavoti no dab\u012bg\u0101 koka un ar savu izskatu un kl\u0101tb\u016btni telp\u0101 rada iespaidu klasisk\u0101 pasaul\u0113.<\/p><div style=\"float: left; width: 55%;\"><h3>Horizont\u0101l\u0101s koka \u017eal\u016bzijas<\/h3><p>Piel\u0101gojiet gaismas intensit\u0101ti, gaismu var novirz\u012bt uz griestiem vai uz gr\u012bdas. Izgatavoti no dab\u012bg\u0101 koka.<br \/>Atspogu\u013co saules kait\u012bgus starius. Iesp\u0113ja apvienot joslas kr\u0101su kombin\u0101cij\u0101s un r\u0101d\u012bt rota\u013c\u012bgumu istabai.<\/p><h3>Priek\u0161roc\u012bbas<\/h3><p>Iesp\u0113ja nostiprin\u0101t \u017eal\u016bzijas v\u0113lamaj\u0101 augstum\u0101. P\u0101rvald\u012bbas iesp\u0113jas - n\u016bja un \/ vai virve. \u017dal\u016bziju lameles ra\u017eo\u0161anas proces\u0101 tiek p\u0101rkl\u0101tas ar tr\u012bs kr\u0101sas un lakas sl\u0101\u0146iem: pirmaj\u0101 sl\u0101n\u012b tiek uzkl\u0101ts pamats kr\u0101sai, otraj\u0101 \u2013 kr\u0101sa, tre\u0161aj\u0101 \u2013 laka. Ar laku p\u0101rkl\u0101t\u0101s lameles tiek aizsarg\u0101tas no UV saules stariem.<br \/><br \/><br \/>\u017dal\u016bzijas Liep\u0101j\u0101.<\/p><\/div><div style=\"float: left; width: 45%;\"><img style=\"margin-top: 10px; margin-left: 3px;\" src=\"https:\/\/zaluziliepaja.lv\/wp-content\/uploads\/2015\/04\/timberven-300x225.jpg\" width=\"300\" height=\"225\" \/><\/div>","_et_gb_content_width":""},"aioseo_notices":[],"_links":{"self":[{"href":"https:\/\/zaluziliepaja.lv\/ru\/wp-json\/wp\/v2\/pages\/998"}],"collection":[{"href":"https:\/\/zaluziliepaja.lv\/ru\/wp-json\/wp\/v2\/pages"}],"about":[{"href":"https:\/\/zaluziliepaja.lv\/ru\/wp-json\/wp\/v2\/types\/page"}],"author":[{"embeddable":true,"href":"https:\/\/zaluziliepaja.lv\/ru\/wp-json\/wp\/v2\/users\/1"}],"replies":[{"embeddable":true,"href":"https:\/\/zaluziliepaja.lv\/ru\/wp-json\/wp\/v2\/comments?post=998"}],"version-history":[{"count":7,"href":"https:\/\/zaluziliepaja.lv\/ru\/wp-json\/wp\/v2\/pages\/998\/revisions"}],"predecessor-version":[{"id":1530,"href":"https:\/\/zaluziliepaja.lv\/ru\/wp-json\/wp\/v2\/pages\/998\/revisions\/1530"}],"wp:attachment":[{"href":"https:\/\/zaluziliepaja.lv\/ru\/wp-json\/wp\/v2\/media?parent=998"}],"curies":[{"name":"wp","href":"https:\/\/api.w.org\/{rel}","templated":true}]}}